{"id":19,"date":"2022-11-10T20:18:08","date_gmt":"2022-11-10T19:18:08","guid":{"rendered":"https:\/\/shop.koroo.fr\/?page_id=19"},"modified":"2022-11-10T20:18:08","modified_gmt":"2022-11-10T19:18:08","slug":"livraison","status":"publish","type":"page","link":"https:\/\/shop.koroo.fr\/?page_id=19","title":{"rendered":"Livraison"},"content":{"rendered":"<p>Pour la France, les frais de livraison sont indiqu\u00e9s dans votre panier, ils sont d\u2019un prix unique de 6,90 Euros (gratuit\u00e9 des frais de port \u00e0 partir de 55 euros pour un envoi par Mondial Relay et 75 euros pour un envoi par Colissimo).<\/p>\n<p>Vous pouvez nous consulter pour une exp\u00e9dition hors de France m\u00e9tropolitaine afin de d\u00e9finir ensemble les modalit\u00e9s de livraison.<\/p>\n<p>Les produits sont livr\u00e9s \u00e0 l\u2019adresse de livraison que vous avez indiqu\u00e9e au cours du processus de commande. En cas d\u2019erreur dans le libell\u00e9 des coordonn\u00e9es du destinataire, la Savonnerie Koroo ne saurait \u00eatre tenue pour responsable de l\u2019impossibilit\u00e9 de livraison. Dans ce cas, les frais de port ne seront pas rembours\u00e9s au client.<\/p>\n<p>Le d\u00e9lai de livraison varie de 48h pour un Colissimo \u00e0 3-4 jours pour Mondial Relay, mais il peut varier en cas de difficult\u00e9s d\u2019acheminement, de rupture de stock ou p\u00e9riodes de vacances qui seront alors signal\u00e9es par courrier \u00e9lectronique au client. Les jours ouvrables ne comprennent pas les week-end et les jours f\u00e9ri\u00e9s. Pour les livraisons internationales, en fonction des produits et des r\u00e9gions, les d\u00e9lais peuvent varier de plusieurs semaines.<\/p>\n<p>Le client est tenu de v\u00e9rifier attentivement ses colis \u00e0 la livraison. Les \u00e9ventuelles r\u00e9serves pr\u00e9cisent si un produit manque ou a subi une d\u00e9gradation et sont \u00e0 adresser \u00e0 la Savonnerie Koroo par courriel : contact@koroo.fr ou courrier : Savonnerie Koroo, 2780 route de la Roche, Lieu-dit Mantel, 07190 St Maurice en Chalencon.<\/p>\n","protected":false},"excerpt":{"rendered":"<p>Pour la France, les frais de livraison sont indiqu\u00e9s dans votre panier, ils sont d\u2019un prix unique de 6,90 Euros [&hellip;]<\/p>\n","protected":false},"author":1,"featured_media":0,"parent":0,"menu_order":0,"comment_status":"closed","ping_status":"closed","template":"","meta":{"site-sidebar-layout":"default","site-content-layout":"","ast-site-content-layout":"default","site-content-style":"default","site-sidebar-style":"default","ast-global-header-display":"","ast-banner-title-visibility":"","ast-main-header-display":"","ast-hfb-above-header-display":"","ast-hfb-below-header-display":"","ast-hfb-mobile-header-display":"","site-post-title":"","ast-breadcrumbs-content":"","ast-featured-img":"","footer-sml-layout":"","ast-disable-related-posts":"","theme-transparent-header-meta":"","adv-header-id-meta":"","stick-header-meta":"","header-above-stick-meta":"","header-main-stick-meta":"","header-below-stick-meta":"","astra-migrate-meta-layouts":"default","ast-page-background-enabled":"default","ast-page-background-meta":{"desktop":{"background-color":"var(--ast-global-color-5)","background-image":"","background-repeat":"repeat","background-position":"center center","background-size":"auto","background-attachment":"scroll","background-type":"","background-media":"","overlay-type":"","overlay-color":"","overlay-opacity":"","overlay-gradient":""},"tablet":{"background-color":"","background-image":"","background-repeat":"repeat","background-position":"center center","background-size":"auto","background-attachment":"scroll","background-type":"","background-media":"","overlay-type":"","overlay-color":"","overlay-opacity":"","overlay-gradient":""},"mobile":{"background-color":"","background-image":"","background-repeat":"repeat","background-position":"center center","background-size":"auto","background-attachment":"scroll","background-type":"","background-media":"","overlay-type":"","overlay-color":"","overlay-opacity":"","overlay-gradient":""}},"ast-content-background-meta":{"desktop":{"background-color":"var(--ast-global-color-4)","background-image":"","background-repeat":"repeat","background-position":"center center","background-size":"auto","background-attachment":"scroll","background-type":"","background-media":"","overlay-type":"","overlay-color":"","overlay-opacity":"","overlay-gradient":""},"tablet":{"background-color":"var(--ast-global-color-4)","background-image":"","background-repeat":"repeat","background-position":"center center","background-size":"auto","background-attachment":"scroll","background-type":"","background-media":"","overlay-type":"","overlay-color":"","overlay-opacity":"","overlay-gradient":""},"mobile":{"background-color":"var(--ast-global-color-4)","background-image":"","background-repeat":"repeat","background-position":"center center","background-size":"auto","background-attachment":"scroll","background-type":"","background-media":"","overlay-type":"","overlay-color":"","overlay-opacity":"","overlay-gradient":""}},"footnotes":""},"class_list":["post-19","page","type-page","status-publish","hentry"],"jetpack_sharing_enabled":true,"_links":{"self":[{"href":"https:\/\/shop.koroo.fr\/index.php?rest_route=\/wp\/v2\/pages\/19","targetHints":{"allow":["GET"]}}],"collection":[{"href":"https:\/\/shop.koroo.fr\/index.php?rest_route=\/wp\/v2\/pages"}],"about":[{"href":"https:\/\/shop.koroo.fr\/index.php?rest_route=\/wp\/v2\/types\/page"}],"author":[{"embeddable":true,"href":"https:\/\/shop.koroo.fr\/index.php?rest_route=\/wp\/v2\/users\/1"}],"replies":[{"embeddable":true,"href":"https:\/\/shop.koroo.fr\/index.php?rest_route=%2Fwp%2Fv2%2Fcomments&post=19"}],"version-history":[{"count":0,"href":"https:\/\/shop.koroo.fr\/index.php?rest_route=\/wp\/v2\/pages\/19\/revisions"}],"wp:attachment":[{"href":"https:\/\/shop.koroo.fr\/index.php?rest_route=%2Fwp%2Fv2%2Fmedia&parent=19"}],"curies":[{"name":"wp","href":"https:\/\/api.w.org\/{rel}","templated":true}]}}