{"id":24,"date":"2022-11-10T20:18:08","date_gmt":"2022-11-10T19:18:08","guid":{"rendered":"https:\/\/shop.koroo.fr\/?page_id=24"},"modified":"2022-11-10T20:18:08","modified_gmt":"2022-11-10T19:18:08","slug":"la-savonnerie","status":"publish","type":"page","link":"https:\/\/shop.koroo.fr\/?page_id=24","title":{"rendered":"La savonnerie"},"content":{"rendered":"<h2>La savonnerie Koroo, c\u2019est\u2026<\/h2>\n<\/p>\n<h4>\u2026 une d\u00e9marche respectueuse de l\u2019environnement<\/h4>\n<p>Tr\u00e8s peu d\u2019emballages. Pour les savons et le shampooing, simplement l\u2019\u00e9tiquette. Pour les baumes et le baume \u00e0 l\u00e8vres, des bo\u00eetes en verre ou en carton. Et pour les exp\u00e9ditions, au maximum des papiers et cartons recycl\u00e9s !<\/p>\n<p>Les ingr\u00e9dients de mes recettes sont issus de l\u2019agriculture biologique.<\/p>\n<p>Les savons b\u00e9n\u00e9ficient d\u2019une cure longue. Ils sont mis \u00e0 s\u00e9cher entre un et trois mois avant d\u2019\u00eatre propos\u00e9s \u00e0 la vente. Cela permet de ralentir leur fonte \u00e0 l\u2019usage : ils dureront plus longtemps !<\/p>\n<\/p>\n<h4>\u2026 des savons tout doux<\/h4>\n<p>Tous les savons sont fabriqu\u00e9s en saponification \u00e0 froid traditionnelle. Les ingr\u00e9dients sont m\u00e9lang\u00e9s \u00e0 temp\u00e9rature ambiante contrairement \u00e0 la technique \u00e0 chaud, o\u00f9 les huiles sont port\u00e9es \u00e0 \u00e9bullition pendant plusieurs jours. La saponification \u00e0 froid permet de pr\u00e9server les propri\u00e9t\u00e9s des huiles et beurres v\u00e9g\u00e9taux, ainsi que les insaponifiables (vitamines, antioxydants, acides gras&#8230;)<\/p>\n<p>Lors du processus de fabrication, la glyc\u00e9rine est naturellement cr\u00e9\u00e9e, et conserv\u00e9e ! Elle repr\u00e9sente environ 8 % du pain de savon : le savon est plus doux, mieux tol\u00e9r\u00e9 par la peau.<\/p>\n<p>Ce processus n\u2019est possible qu\u2019en saponification artisanale et de petit volume o\u00f9 les savons sont moul\u00e9s. La fabrication industrielle n\u00e9cessitant le passage de la p\u00e2te \u00e0 savons dans des machines, la glyc\u00e9rine naturelle est retir\u00e9e \u00e0 99 %.<\/p>\n<p>Tous les savons sont surgras, de 5 % \u00e0 8 % selon les recettes, pour encore plus de douceur !<\/p>\n<\/p>\n<h4>\u2026 une fabrication artisanale et familiale<\/h4>\n<p>Implant\u00e9e au c\u0153ur de l&rsquo;Ard\u00e8che, dans la verdoyante vall\u00e9e de l&rsquo;Eyrieux. Un territoire aux paysages pr\u00e9serv\u00e9s et au commerce local florissant, id\u00e9al pour l&rsquo;inspiration !<\/p>\n<p>L&rsquo;id\u00e9e de Koroo est n\u00e9e ici : \u00ab\u00a0Tiens, j&rsquo;ai toujours eu envie de faire mon savon moi-m\u00eame. On essaie ?\u00a0\u00bb Avec Rachel, ma fille, nous nous sommes lanc\u00e9es dans les tests : diff\u00e9rentes huiles, des couleurs et des parfums, au fil des envies et des besoins de la famille.\u00a0<\/p>\n<p>Avec l&rsquo;exp\u00e9rience, les recettes se pr\u00e9cisent, le go\u00fbt d&rsquo;un produit sain et de qualit\u00e9. Les amis et amies en r\u00e9clament, puis les amis d&rsquo;amis&#8230; Alors avec le temps, l&rsquo;id\u00e9e d&rsquo;en vivre, finalement, de proposer nos produits \u00e0 tous ceux qui le souhaitent.\u00a0<\/p>\n<p>De la mati\u00e8re premi\u00e8re au produit fini, tout est fait \u00e0 la main pour le plaisir des yeux, pour les parfums vrais des huiles essentielles et pour la douceur !<\/p>\n","protected":false},"excerpt":{"rendered":"<p>La savonnerie Koroo, c\u2019est\u2026 \u2026 une d\u00e9marche respectueuse de l\u2019environnement Tr\u00e8s peu d\u2019emballages. Pour les savons et le shampooing, simplement [&hellip;]<\/p>\n","protected":false},"author":1,"featured_media":0,"parent":0,"menu_order":5,"comment_status":"closed","ping_status":"closed","template":"","meta":{"site-sidebar-layout":"default","site-content-layout":"","ast-site-content-layout":"default","site-content-style":"default","site-sidebar-style":"default","ast-global-header-display":"","ast-banner-title-visibility":"","ast-main-header-display":"","ast-hfb-above-header-display":"","ast-hfb-below-header-display":"","ast-hfb-mobile-header-display":"","site-post-title":"","ast-breadcrumbs-content":"","ast-featured-img":"","footer-sml-layout":"","ast-disable-related-posts":"","theme-transparent-header-meta":"","adv-header-id-meta":"","stick-header-meta":"","header-above-stick-meta":"","header-main-stick-meta":"","header-below-stick-meta":"","astra-migrate-meta-layouts":"default","ast-page-background-enabled":"default","ast-page-background-meta":{"desktop":{"background-color":"var(--ast-global-color-5)","background-image":"","background-repeat":"repeat","background-position":"center center","background-size":"auto","background-attachment":"scroll","background-type":"","background-media":"","overlay-type":"","overlay-color":"","overlay-opacity":"","overlay-gradient":""},"tablet":{"background-color":"","background-image":"","background-repeat":"repeat","background-position":"center center","background-size":"auto","background-attachment":"scroll","background-type":"","background-media":"","overlay-type":"","overlay-color":"","overlay-opacity":"","overlay-gradient":""},"mobile":{"background-color":"","background-image":"","background-repeat":"repeat","background-position":"center center","background-size":"auto","background-attachment":"scroll","background-type":"","background-media":"","overlay-type":"","overlay-color":"","overlay-opacity":"","overlay-gradient":""}},"ast-content-background-meta":{"desktop":{"background-color":"var(--ast-global-color-4)","background-image":"","background-repeat":"repeat","background-position":"center center","background-size":"auto","background-attachment":"scroll","background-type":"","background-media":"","overlay-type":"","overlay-color":"","overlay-opacity":"","overlay-gradient":""},"tablet":{"background-color":"var(--ast-global-color-4)","background-image":"","background-repeat":"repeat","background-position":"center center","background-size":"auto","background-attachment":"scroll","background-type":"","background-media":"","overlay-type":"","overlay-color":"","overlay-opacity":"","overlay-gradient":""},"mobile":{"background-color":"var(--ast-global-color-4)","background-image":"","background-repeat":"repeat","background-position":"center center","background-size":"auto","background-attachment":"scroll","background-type":"","background-media":"","overlay-type":"","overlay-color":"","overlay-opacity":"","overlay-gradient":""}},"footnotes":""},"class_list":["post-24","page","type-page","status-publish","hentry"],"jetpack_sharing_enabled":true,"_links":{"self":[{"href":"https:\/\/shop.koroo.fr\/index.php?rest_route=\/wp\/v2\/pages\/24","targetHints":{"allow":["GET"]}}],"collection":[{"href":"https:\/\/shop.koroo.fr\/index.php?rest_route=\/wp\/v2\/pages"}],"about":[{"href":"https:\/\/shop.koroo.fr\/index.php?rest_route=\/wp\/v2\/types\/page"}],"author":[{"embeddable":true,"href":"https:\/\/shop.koroo.fr\/index.php?rest_route=\/wp\/v2\/users\/1"}],"replies":[{"embeddable":true,"href":"https:\/\/shop.koroo.fr\/index.php?rest_route=%2Fwp%2Fv2%2Fcomments&post=24"}],"version-history":[{"count":0,"href":"https:\/\/shop.koroo.fr\/index.php?rest_route=\/wp\/v2\/pages\/24\/revisions"}],"wp:attachment":[{"href":"https:\/\/shop.koroo.fr\/index.php?rest_route=%2Fwp%2Fv2%2Fmedia&parent=24"}],"curies":[{"name":"wp","href":"https:\/\/api.w.org\/{rel}","templated":true}]}}