{"id":25,"date":"2022-11-10T20:18:08","date_gmt":"2022-11-10T19:18:08","guid":{"rendered":"https:\/\/shop.koroo.fr\/?page_id=25"},"modified":"2022-11-10T20:18:08","modified_gmt":"2022-11-10T19:18:08","slug":"formulaire-de-retractation","status":"publish","type":"page","link":"https:\/\/shop.koroo.fr\/?page_id=25","title":{"rendered":"Formulaire de r\u00e9tractation"},"content":{"rendered":"<h4 style=\"text-align:center;\"><span style=\"color:#444444;\"><span style=\"font-family:'Droid Sans', sans-serif;\"><span style=\"font-size:small;\">Mod\u00e8le de lettre de r\u00e9tractation \u00e0 adresser en recommand\u00e9 avec accus\u00e9 de r\u00e9ception <\/span><\/span><\/span><\/h4>\n<p style=\"text-align:center;\">\n<p style=\"text-align:center;\"><span style=\"color:#444444;\"><span style=\"font-family:'Droid Sans', sans-serif;\"><span style=\"font-size:small;\">\u00e0 l\u2019adresse ci-dessous ou par mail \u00e0\u00a0: <a href=\"mailto:contact@koroo.fr\">contact@koroo.fr<\/a><\/span><\/span><\/span><\/p>\n<\/p>\n<\/p>\n<h4><span style=\"color:#444444;\"><span style=\"font-family:'Droid Sans', sans-serif;\"><span style=\"font-size:small;\">Vos informations\u00a0:<\/span><\/span><\/span><\/h4>\n<\/p>\n<p><span style=\"color:#444444;\"><span style=\"font-family:'Droid Sans', sans-serif;\"><span style=\"font-size:small;\">Nom, pr\u00e9nom<br \/>Adresse<br \/>T\u00e9l\u00e9phone<br \/>Email<\/span><\/span><\/span><\/p>\n<\/p>\n<h4 style=\"text-align:right;\"><span style=\"border:none;padding:0cm;\"><span style=\"font-variant:normal;\"><span style=\"color:#444444;\"><span style=\"font-family:'Droid Sans', sans-serif;\"><span style=\"font-size:small;\"><span style=\"letter-spacing:normal;\"><span style=\"font-style:normal;\">D<\/span><\/span><\/span><\/span><\/span><\/span><span style=\"font-variant:normal;\"><span style=\"color:#444444;\"><span style=\"font-family:'Droid Sans', sans-serif;\"><span style=\"font-size:small;\"><span style=\"letter-spacing:normal;\"><span style=\"font-style:normal;\">estinataire<\/span><\/span><\/span><\/span><\/span><\/span><\/span><\/h4>\n<p style=\"text-align:right;\"><span style=\"border:none;padding:0cm;\"><span style=\"font-variant:normal;\"><span style=\"color:#444444;\"><span style=\"font-family:'Droid Sans', sans-serif;\"><span style=\"font-size:small;\"><span style=\"letter-spacing:normal;\"><span style=\"font-style:normal;\"><b><strong><br \/><\/strong><\/b><\/span><\/span><\/span><\/span><\/span><\/span><span style=\"font-variant:normal;\"><span style=\"color:#444444;\"><span style=\"font-family:'Droid Sans', sans-serif;\"><span style=\"font-size:small;\"><span style=\"letter-spacing:normal;\"><span style=\"font-style:normal;\"><span style=\"font-weight:normal;\">Savonnerie Koroo &#8211; Nicole Combe<\/span><\/span><\/span><\/span><\/span><\/span><\/span><\/span><\/p>\n<p style=\"text-align:right;\">\n<p style=\"text-align:right;\"><span style=\"border:none;padding:0cm;\"><span style=\"font-variant:normal;\"><span style=\"color:#444444;\"><span style=\"font-family:'Droid Sans', sans-serif;\"><span style=\"font-size:small;\"><span style=\"letter-spacing:normal;\"><span style=\"font-style:normal;\"><span style=\"font-weight:normal;\">2780 route de la Roche<\/span><\/span><\/span><\/span><\/span><\/span><\/span><\/span><\/p>\n<p style=\"text-align:right;\">\n<p style=\"text-align:right;\"><span style=\"border:none;padding:0cm;\"><span style=\"font-variant:normal;\"><span style=\"color:#444444;\"><span style=\"font-family:'Droid Sans', sans-serif;\"><span style=\"font-size:small;\"><span style=\"letter-spacing:normal;\"><span style=\"font-style:normal;\"><span style=\"font-weight:normal;\">07190 St Maurice en Chalencon<\/span><\/span><\/span><\/span><\/span><\/span><\/span><\/span><\/p>\n<\/p>\n<\/p>\n<\/p>\n<p><span style=\"color:#444444;\"><span style=\"font-family:'Droid Sans', sans-serif;\"><span style=\"font-size:small;\">\u00c0 [votre ville], Date<\/span><\/span><\/span><\/p>\n<\/p>\n<h4 class=\"western\" style=\"font-variant:normal;letter-spacing:-0.8pt;font-style:normal;font-weight:normal;line-height:0.79cm;margin-top:0cm;margin-bottom:0cm;border:none;padding:0cm;\"><span style=\"color:#141414;\"><span style=\"font-family:'Droid Sans', sans-serif;\"><span style=\"font-size:small;\"><span style=\"font-size:small;\">OBJET : R\u00c9TRACTATION SOUS 14 JOURS<\/span><br \/><\/span><\/span><\/span><\/h4>\n<\/p>\n<p><span style=\"color:#444444;\"><span style=\"font-family:'Droid Sans', sans-serif;\"><span style=\"font-size:small;\">Madame,<\/span><\/span><\/span><\/p>\n<\/p>\n<p><span style=\"color:#444444;\"><span style=\"font-family:'Droid Sans', sans-serif;\"><span style=\"font-size:small;\">En date du \u2026(date de la commande), j\u2019ai command\u00e9 \u2026 (nature de l\u2019article achet\u00e9) aupr\u00e8s de votre entreprise. Cet achat a \u00e9t\u00e9 effectu\u00e9 directement depuis votre boutique en ligne, pour un montant total de \u2026 euros, je l\u2019ai re\u00e7u le \u2026 (date re r\u00e9ception).<\/span><\/span><\/span><\/p>\n<\/p>\n<p><span style=\"color:#444444;\"><span style=\"font-family:'Droid Sans', sans-serif;\"><span style=\"font-size:small;\">Conform\u00e9ment \u00e0 l&rsquo;article L. 221-18 du code de la consommation, j&rsquo;exerce mon droit de r\u00e9tractation.<\/span><\/span><\/span><\/p>\n<\/p>\n<p><span style=\"color:#444444;\"><span style=\"font-family:'Droid Sans', sans-serif;\"><span style=\"font-size:small;\">En cons\u00e9quence, je vous prie de bien vouloir me restituer au plus vite et au plus tard dans les 14 jours suivant la r\u00e9ception de la pr\u00e9sente, la somme de &#8230; euros que je vous ai vers\u00e9e lors de ma commande, ceci conform\u00e9ment aux dispositions de l&rsquo;article L. 221-24 du code de la consommation.<\/span><\/span><\/span><\/p>\n<\/p>\n<p><span style=\"color:#444444;\"><span style=\"font-family:'Droid Sans', sans-serif;\"><span style=\"font-size:small;\">Veuillez trouver ci-joint (indiquez l&rsquo;objet retourn\u00e9) que je vous retourne.<\/span><\/span><\/span><\/p>\n<\/p>\n<p><span style=\"color:#444444;\"><span style=\"font-family:'Droid Sans', sans-serif;\"><span style=\"font-size:small;\">Dans cette attente, veuillez agr\u00e9er, Madame, Monsieur, l\u2019assurance de mes salutations les meilleures.<\/span><\/span><\/span><\/p>\n<\/p>\n<\/p>\n<p><span style=\"color:#444444;\"><span style=\"font-family:'Droid Sans', sans-serif;\"><span style=\"font-size:small;\">Signature<\/span><\/span><\/span><\/p><\/p>\n","protected":false},"excerpt":{"rendered":"<p>Mod\u00e8le de lettre de r\u00e9tractation \u00e0 adresser en recommand\u00e9 avec accus\u00e9 de r\u00e9ception \u00e0 l\u2019adresse ci-dessous ou par mail \u00e0\u00a0: [&hellip;]<\/p>\n","protected":false},"author":1,"featured_media":0,"parent":0,"menu_order":6,"comment_status":"closed","ping_status":"closed","template":"","meta":{"site-sidebar-layout":"default","site-content-layout":"","ast-site-content-layout":"default","site-content-style":"default","site-sidebar-style":"default","ast-global-header-display":"","ast-banner-title-visibility":"","ast-main-header-display":"","ast-hfb-above-header-display":"","ast-hfb-below-header-display":"","ast-hfb-mobile-header-display":"","site-post-title":"","ast-breadcrumbs-content":"","ast-featured-img":"","footer-sml-layout":"","ast-disable-related-posts":"","theme-transparent-header-meta":"","adv-header-id-meta":"","stick-header-meta":"","header-above-stick-meta":"","header-main-stick-meta":"","header-below-stick-meta":"","astra-migrate-meta-layouts":"default","ast-page-background-enabled":"default","ast-page-background-meta":{"desktop":{"background-color":"var(--ast-global-color-5)","background-image":"","background-repeat":"repeat","background-position":"center center","background-size":"auto","background-attachment":"scroll","background-type":"","background-media":"","overlay-type":"","overlay-color":"","overlay-opacity":"","overlay-gradient":""},"tablet":{"background-color":"","background-image":"","background-repeat":"repeat","background-position":"center center","background-size":"auto","background-attachment":"scroll","background-type":"","background-media":"","overlay-type":"","overlay-color":"","overlay-opacity":"","overlay-gradient":""},"mobile":{"background-color":"","background-image":"","background-repeat":"repeat","background-position":"center center","background-size":"auto","background-attachment":"scroll","background-type":"","background-media":"","overlay-type":"","overlay-color":"","overlay-opacity":"","overlay-gradient":""}},"ast-content-background-meta":{"desktop":{"background-color":"var(--ast-global-color-4)","background-image":"","background-repeat":"repeat","background-position":"center center","background-size":"auto","background-attachment":"scroll","background-type":"","background-media":"","overlay-type":"","overlay-color":"","overlay-opacity":"","overlay-gradient":""},"tablet":{"background-color":"var(--ast-global-color-4)","background-image":"","background-repeat":"repeat","background-position":"center center","background-size":"auto","background-attachment":"scroll","background-type":"","background-media":"","overlay-type":"","overlay-color":"","overlay-opacity":"","overlay-gradient":""},"mobile":{"background-color":"var(--ast-global-color-4)","background-image":"","background-repeat":"repeat","background-position":"center center","background-size":"auto","background-attachment":"scroll","background-type":"","background-media":"","overlay-type":"","overlay-color":"","overlay-opacity":"","overlay-gradient":""}},"footnotes":""},"class_list":["post-25","page","type-page","status-publish","hentry"],"jetpack_sharing_enabled":true,"_links":{"self":[{"href":"https:\/\/shop.koroo.fr\/index.php?rest_route=\/wp\/v2\/pages\/25","targetHints":{"allow":["GET"]}}],"collection":[{"href":"https:\/\/shop.koroo.fr\/index.php?rest_route=\/wp\/v2\/pages"}],"about":[{"href":"https:\/\/shop.koroo.fr\/index.php?rest_route=\/wp\/v2\/types\/page"}],"author":[{"embeddable":true,"href":"https:\/\/shop.koroo.fr\/index.php?rest_route=\/wp\/v2\/users\/1"}],"replies":[{"embeddable":true,"href":"https:\/\/shop.koroo.fr\/index.php?rest_route=%2Fwp%2Fv2%2Fcomments&post=25"}],"version-history":[{"count":0,"href":"https:\/\/shop.koroo.fr\/index.php?rest_route=\/wp\/v2\/pages\/25\/revisions"}],"wp:attachment":[{"href":"https:\/\/shop.koroo.fr\/index.php?rest_route=%2Fwp%2Fv2%2Fmedia&parent=25"}],"curies":[{"name":"wp","href":"https:\/\/api.w.org\/{rel}","templated":true}]}}