{"id":31,"date":"2022-11-10T20:18:08","date_gmt":"2022-11-10T19:18:08","guid":{"rendered":"https:\/\/shop.koroo.fr\/?page_id=31"},"modified":"2022-11-10T20:18:08","modified_gmt":"2022-11-10T19:18:08","slug":"les-ateliers","status":"publish","type":"page","link":"https:\/\/shop.koroo.fr\/?page_id=31","title":{"rendered":"Les ateliers"},"content":{"rendered":"<h2 align=\"center\" style=\"line-height:100%;margin-bottom:0cm;\"><span style=\"font-size:14pt;\"><img loading=\"lazy\" decoding=\"async\" class=\" size-full wp-image-26\" src=\"https:\/\/shop.koroo.fr\/wp-content\/uploads\/2022\/11\/Ateliers.jpg\" alt=\"\" width=\"634\" height=\"230\" \/><\/span><\/h2>\n<p><span style=\"font-size:14pt;\"><\/span><\/p>\n<p><span style=\"font-size:14pt;\"><\/span><\/p>\n<h1 align=\"center\" style=\"line-height:100%;margin-bottom:0cm;\"><span style=\"font-size:14pt;\">Les ateliers d\u2019Alizarine \u00e0 St Julien Labrousse\u00a0 &#8211;\u00a0 <\/span><span style=\"font-size:14pt;\">Savons et cosm\u00e9tiques<\/span><\/h1>\n<p style=\"text-align:center;\"><span style=\"font-size:14pt;\"><img loading=\"lazy\" decoding=\"async\" class=\" size-full wp-image-27\" src=\"https:\/\/shop.koroo.fr\/wp-content\/uploads\/2022\/11\/iStock-917073434.jpg\" alt=\"\" width=\"100\" height=\"100\" \/><\/span><\/p>\n<p><span style=\"font-size:14pt;\"><\/span><\/p>\n<p style=\"line-height:100%;margin-bottom:0cm;\">\n<p style=\"text-align:center;\"><span style=\"color:#231f20;\"><span style=\"font-size:14pt;\">Vous r\u00eavez de fabriquer vos propres produits de beaut\u00e9, sains et adapt\u00e9s \u00e0 votre peau ? <\/span><\/span><\/p>\n<p style=\"text-align:center;\"><span style=\"color:#231f20;\"><span style=\"font-size:14pt;\">Venez d\u00e9couvrir nos ateliers cosm\u00e9tiques et lancez-vous dans une aventure cr\u00e9ative et enrichissante !<\/span><\/span><\/p>\n<p><span style=\"color:#231f20;\"><span style=\"font-size:14pt;\"><\/span><\/span><\/p>\n<p><span style=\"color:#231f20;\">Lors de cet atelier, vous apprendrez les techniques de base et les r\u00e8gles de s\u00e9curit\u00e9 pour cr\u00e9er vos propres cosm\u00e9tiques. Nous vous guiderons dans la fabrication de 3 produits aux textures vari\u00e9es, en utilisant des ingr\u00e9dients naturels, \u00e9cologiques et efficaces, sp\u00e9cialement s\u00e9lectionn\u00e9s pour leurs bienfaits.<\/span><\/p>\n<h2><span style=\"color:#231f20;\"><b>Au programme :<\/b><\/span><\/h2>\n<p><span style=\"color:#231f20;\"><span><b>D\u00e9couverte des ingr\u00e9dients<\/b><\/span> : Apprenez \u00e0 conna\u00eetre les propri\u00e9t\u00e9s et les utilisations des huiles v\u00e9g\u00e9tales, des produits de la ruche et d&rsquo;autres ingr\u00e9dients naturels.<\/span><\/p>\n<p><span style=\"color:#231f20;\"><span><b>Techniques de fabrication<\/b><\/span> : D\u00e9couvrez diff\u00e9rentes m\u00e9thodes de fabrication cosm\u00e9tique.<\/span><\/p>\n<p><span style=\"color:#231f20;\"><span><b>Personnalisation de vos produits<\/b><\/span> : Adaptez les recettes \u00e0 votre type de peau et \u00e0 vos pr\u00e9f\u00e9rences, en choisissant les ingr\u00e9dients et les parfums qui vous conviennent le mieux.<\/span><\/p>\n<p><span style=\"color:#231f20;\">Vous repartez avec vos 3 cr\u00e9ations, les recettes d\u00e9taill\u00e9es et un livret r\u00e9capitulatif, tout ce qu&rsquo;il vous faut pour continuer \u00e0 fabriquer vos cosm\u00e9tiques chez vous.<\/span><\/p>\n<p><span style=\"color:#231f20;\">Nos ateliers sont ouverts \u00e0 tous, d\u00e9butants ou initi\u00e9s, et sont adapt\u00e9s \u00e0 tous les types de peaux, m\u00eame les plus sensibles.<\/span><\/p>\n<\/p>\n<h2 style=\"text-align:center;\"><span style=\"color:#231f20;\">Rejoignez-nous dans un lieu enchanteur et une ambiance d\u00e9tendue<\/span><\/h2>\n<h2 style=\"text-align:center;\"><span style=\"color:#231f20;\"> pour un moment de partage et de d\u00e9couverte !<\/span><\/h2>\n<h1 align=\"center\"><span style=\"color:#231f20;\"><span style=\"font-size:16pt;\"><img loading=\"lazy\" decoding=\"async\" class=\" size-full wp-image-27\" src=\"https:\/\/shop.koroo.fr\/wp-content\/uploads\/2022\/11\/iStock-917073434.jpg\" alt=\"\" width=\"100\" height=\"100\" \/><\/span><\/span><span style=\"color:#231f20;\"><span style=\"font-size:16pt;\"><\/span><\/span><\/h1>\n<h1 align=\"center\" style=\"text-align:left;\"><span style=\"color:#231f20;\"><span style=\"font-size:16pt;\">Infos pratiques<\/span><\/span><\/h1>\n<p><span style=\"color:#231f20;\"><img loading=\"lazy\" decoding=\"async\" class=\" size-full wp-image-28\" src=\"https:\/\/shop.koroo.fr\/wp-content\/uploads\/2022\/11\/pendule.png\" alt=\"\" width=\"37\" height=\"33\" \/> 8h\u00a0 \u00a0 \u00a0 \u00a0 \u00a0 \u00a0 \u00a0<img loading=\"lazy\" decoding=\"async\" class=\" size-full wp-image-29\" src=\"https:\/\/shop.koroo.fr\/wp-content\/uploads\/2022\/11\/E.png\" alt=\"\" width=\"38\" height=\"38\" \/><\/span><span style=\"color:#231f20;\">98\u20ac\u00a0 \u00a0 \u00a0<\/span><span style=\"color:#231f20;\">\u00a0 \u00a0 \u00a0<\/span><img loading=\"lazy\" decoding=\"async\" class=\" size-full wp-image-30\" src=\"https:\/\/shop.koroo.fr\/wp-content\/uploads\/2022\/11\/info.png\" alt=\"\" width=\"35\" height=\"35\" style=\"color:#231f20;\" \/><span style=\"color:#231f20;\">\u00a0 \u00a0<\/span><span style=\"color:#231f20;\">6 personnes maxi\u00a0 &#8211;\u00a0 <\/span><span style=\"color:#231f20;\">Ingr\u00e9dients et mat\u00e9riel fournis<\/span><\/p>\n<ul>\n<li><span style=\"color:#231f20;\">Nos ateliers sont accessibles aux mineurs accompagn\u00e9s par un adulte \u00e0 partir de 16 ans <\/span><\/li>\n<li><span style=\"color:#231f20;\">Paiement \u00e0 l&rsquo;inscription<\/span><\/li>\n<\/ul>\n<p align=\"center\"><strong><span style=\"color:#231f20;\">Les ateliers se d\u00e9roulent au Rucher d\u2019Alizarine, \u00e0 St Julien Labrousse en Ard\u00e8che. <\/span><\/strong><\/p>\n<p align=\"center\"><span style=\"color:#231f20;\">Mireille, apicultrice et Nicole, savonni\u00e8re vous accompagneront tout au long de la journ\u00e9e. <\/span><\/p>\n<p align=\"center\">\n<h1 align=\"center\"><span style=\"color:#231f20;\"><b>Nos ateliers 2025 :<\/b><\/span><\/h1>\n<p><span style=\"color:#231f20;\"><b><\/b><\/span><\/p>\n<h2 style=\"text-align:center;\"><span style=\"color:#231f20;\"><b>12 avril<\/b>\u00a0: Savon \/ baume de nuit \/ cr\u00e8me de jour<\/span><\/h2>\n<h2 style=\"text-align:center;\"><span style=\"color:#231f20;\"><b>26 avril<\/b>\u00a0: Savon \/ cr\u00e8me de jour \/ baume \u00e0 l\u00e8vres<\/span><\/h2>\n<h2 style=\"text-align:center;\"><span style=\"color:#231f20;\"><b>1<\/b><b>7 mai<\/b>\u00a0: Savon \/ cr\u00e8me de jour \/ soin nourrissant pour le corps<\/span><\/h2>\n<h2 style=\"text-align:center;\"><span style=\"color:#231f20;\"><b>21 juin<\/b>\u00a0: Savon \/ baume de nuit \/ cr\u00e8me de jour<\/span><\/h2>\n<h2 style=\"text-align:center;\"><span style=\"color:#231f20;\"><b>28 juin<\/b>\u00a0: Savon \/ cr\u00e8me de jour \/ baume \u00e0 l\u00e8vres<\/span><\/h2>\n<\/p>\n<p style=\"margin-bottom:0cm;\"><span style=\"color:#231f20;\">Atelier sur mesure pour les groupes (recettes au choix parmi celles propos\u00e9es) : nous contacter.<\/span><\/p>\n<p style=\"margin-bottom:0cm;\"><span style=\"color:#231f20;\">Possibilit\u00e9 d\u2019h\u00e9bergement\u00a0: roulotte sur place, gites et chambre d\u2019h\u00f4tes \u00e0 proximit\u00e9.<\/span><\/p>\n<p style=\"margin-bottom:0cm;\">\n<\/p>\n<h1 align=\"center\" style=\"margin-bottom:0cm;\"><span style=\"color:#231f20;\"><span style=\"font-size:16pt;\"><b>Inscription par mail savons.koroo@gmail.com <\/b><\/span><\/span><\/h1>\n<h1 align=\"center\" style=\"margin-bottom:0cm;\"><span style=\"color:#231f20;\"><span style=\"font-size:16pt;\"><b>ou par t\u00e9l\u00e9phone 06 89 22 39 81<\/b><\/span><\/span><\/h1><\/p>\n","protected":false},"excerpt":{"rendered":"<p>Les ateliers d\u2019Alizarine \u00e0 St Julien Labrousse\u00a0 &#8211;\u00a0 Savons et cosm\u00e9tiques Vous r\u00eavez de fabriquer vos propres produits de beaut\u00e9, [&hellip;]<\/p>\n","protected":false},"author":1,"featured_media":26,"parent":0,"menu_order":7,"comment_status":"closed","ping_status":"closed","template":"","meta":{"site-sidebar-layout":"default","site-content-layout":"","ast-site-content-layout":"default","site-content-style":"default","site-sidebar-style":"default","ast-global-header-display":"","ast-banner-title-visibility":"","ast-main-header-display":"","ast-hfb-above-header-display":"","ast-hfb-below-header-display":"","ast-hfb-mobile-header-display":"","site-post-title":"","ast-breadcrumbs-content":"","ast-featured-img":"","footer-sml-layout":"","ast-disable-related-posts":"","theme-transparent-header-meta":"","adv-header-id-meta":"","stick-header-meta":"","header-above-stick-meta":"","header-main-stick-meta":"","header-below-stick-meta":"","astra-migrate-meta-layouts":"default","ast-page-background-enabled":"default","ast-page-background-meta":{"desktop":{"background-color":"var(--ast-global-color-5)","background-image":"","background-repeat":"repeat","background-position":"center center","background-size":"auto","background-attachment":"scroll","background-type":"","background-media":"","overlay-type":"","overlay-color":"","overlay-opacity":"","overlay-gradient":""},"tablet":{"background-color":"","background-image":"","background-repeat":"repeat","background-position":"center center","background-size":"auto","background-attachment":"scroll","background-type":"","background-media":"","overlay-type":"","overlay-color":"","overlay-opacity":"","overlay-gradient":""},"mobile":{"background-color":"","background-image":"","background-repeat":"repeat","background-position":"center center","background-size":"auto","background-attachment":"scroll","background-type":"","background-media":"","overlay-type":"","overlay-color":"","overlay-opacity":"","overlay-gradient":""}},"ast-content-background-meta":{"desktop":{"background-color":"var(--ast-global-color-4)","background-image":"","background-repeat":"repeat","background-position":"center center","background-size":"auto","background-attachment":"scroll","background-type":"","background-media":"","overlay-type":"","overlay-color":"","overlay-opacity":"","overlay-gradient":""},"tablet":{"background-color":"var(--ast-global-color-4)","background-image":"","background-repeat":"repeat","background-position":"center center","background-size":"auto","background-attachment":"scroll","background-type":"","background-media":"","overlay-type":"","overlay-color":"","overlay-opacity":"","overlay-gradient":""},"mobile":{"background-color":"var(--ast-global-color-4)","background-image":"","background-repeat":"repeat","background-position":"center center","background-size":"auto","background-attachment":"scroll","background-type":"","background-media":"","overlay-type":"","overlay-color":"","overlay-opacity":"","overlay-gradient":""}},"footnotes":""},"class_list":["post-31","page","type-page","status-publish","has-post-thumbnail","hentry"],"jetpack_sharing_enabled":true,"_links":{"self":[{"href":"https:\/\/shop.koroo.fr\/index.php?rest_route=\/wp\/v2\/pages\/31","targetHints":{"allow":["GET"]}}],"collection":[{"href":"https:\/\/shop.koroo.fr\/index.php?rest_route=\/wp\/v2\/pages"}],"about":[{"href":"https:\/\/shop.koroo.fr\/index.php?rest_route=\/wp\/v2\/types\/page"}],"author":[{"embeddable":true,"href":"https:\/\/shop.koroo.fr\/index.php?rest_route=\/wp\/v2\/users\/1"}],"replies":[{"embeddable":true,"href":"https:\/\/shop.koroo.fr\/index.php?rest_route=%2Fwp%2Fv2%2Fcomments&post=31"}],"version-history":[{"count":0,"href":"https:\/\/shop.koroo.fr\/index.php?rest_route=\/wp\/v2\/pages\/31\/revisions"}],"wp:featuredmedia":[{"embeddable":true,"href":"https:\/\/shop.koroo.fr\/index.php?rest_route=\/wp\/v2\/media\/26"}],"wp:attachment":[{"href":"https:\/\/shop.koroo.fr\/index.php?rest_route=%2Fwp%2Fv2%2Fmedia&parent=31"}],"curies":[{"name":"wp","href":"https:\/\/api.w.org\/{rel}","templated":true}]}}