{"id":32,"date":"2022-11-10T20:18:08","date_gmt":"2022-11-10T19:18:08","guid":{"rendered":"https:\/\/shop.koroo.fr\/?page_id=32"},"modified":"2026-03-13T15:03:27","modified_gmt":"2026-03-13T14:03:27","slug":"les-marches","status":"publish","type":"page","link":"https:\/\/shop.koroo.fr\/?page_id=32","title":{"rendered":"Les march\u00e9s"},"content":{"rendered":"<h3 style=\"text-align: center;\"><span class=\"BZ_Pyq_fadeIn\">Voici <\/span><span class=\"BZ_Pyq_fadeIn\">les <\/span><span class=\"BZ_Pyq_fadeIn\">march\u00e9s <\/span><span class=\"BZ_Pyq_fadeIn\">o\u00f9 <\/span><span class=\"BZ_Pyq_fadeIn\">vous <\/span><span class=\"BZ_Pyq_fadeIn\">pourrez <\/span><span class=\"BZ_Pyq_fadeIn\">d\u00e9couvrir <\/span><span class=\"BZ_Pyq_fadeIn\">mes <\/span><span class=\"BZ_Pyq_fadeIn\">savons, <\/span><span class=\"BZ_Pyq_fadeIn\">tout <\/span><span class=\"BZ_Pyq_fadeIn\">juste <\/span><span class=\"BZ_Pyq_fadeIn\">sortis <\/span><span class=\"BZ_Pyq_fadeIn\">de <\/span><span class=\"BZ_Pyq_fadeIn\">l\u2019atelier !<\/span><\/h3>\n<p style=\"text-align: center;\">Fabriqu\u00e9s \u00e0 la main, avec patience et passion, ils vous attendent pour \u00eatre touch\u00e9s, respir\u00e9s, d\u00e9couverts autrement que derri\u00e8re un \u00e9cran.<\/p>\n<p style=\"text-align: center;\">Venir au march\u00e9, c\u2019est entrer un peu dans les coulisses : \u00e9changer autour des ingr\u00e9dients, des m\u00e9thodes de fabrication.<\/p>\n<p style=\"text-align: center;\">Un moment simple, \u00e0 l\u2019image d\u2019une cosm\u00e9tique artisanale et vivante<\/p>\n<h2>Mars<\/h2>\n<p>21 &amp; 22\u00a0 \u00a0 Le Printemps des Plantes, Roche la Moli\u00e8re (42)<\/p>\n<p>27, 28 &amp; 29\u00a0 \u00a0 Journ\u00e9e des Plantes, Jarnioux (69)<\/p>\n<h2>Avril<\/h2>\n<p>5\u00a0 \u00a0 \u00a0 \u00a0 \u00a0March\u00e9 artisanal, Grignan (26)<\/p>\n<p>19\u00a0 \u00a0 \u00a0 \u00a0 Foire aux Fleurs, Puy St Martin (26)<\/p>\n<p>26\u00a0 \u00a0 \u00a0 \u00a0 March\u00e9 artisanal, Grignan (26)<\/p>\n<h2>Mai<\/h2>\n<p>3\u00a0 \u00a0 \u00a0 \u00a0 \u00a0 March\u00e9 aux plantes, Guilherand Granges (07)<\/p>\n<p>8\u00a0 \u00a0 \u00a0 \u00a0 \u00a0 F\u00eate des Fleurs, Mirabel et Blacons (26)<\/p>\n<p>10\u00a0 \u00a0 \u00a0 \u00a0 \u00a0March\u00e9 artisanal, Saou (26)<\/p>\n<p>16\u00a0 \u00a0 \u00a0 \u00a0 \u00a0March\u00e9 artisanal, Dieulefit (26)<\/p>\n<p>17\u00a0 \u00a0 \u00a0 \u00a0 \u00a0March\u00e9 artisanal, Nyons (26)<\/p>\n<p>24\u00a0 \u00a0 \u00a0 \u00a0 \u00a0Croquons Nature, St Marcel les Valence (26)<\/p>\n","protected":false},"excerpt":{"rendered":"<p>Voici les march\u00e9s o\u00f9 vous pourrez d\u00e9couvrir mes savons, tout juste sortis de l\u2019atelier ! Fabriqu\u00e9s \u00e0 la main, avec [&hellip;]<\/p>\n","protected":false},"author":1,"featured_media":0,"parent":0,"menu_order":8,"comment_status":"closed","ping_status":"closed","template":"","meta":{"site-sidebar-layout":"default","site-content-layout":"","ast-site-content-layout":"default","site-content-style":"default","site-sidebar-style":"default","ast-global-header-display":"","ast-banner-title-visibility":"","ast-main-header-display":"","ast-hfb-above-header-display":"","ast-hfb-below-header-display":"","ast-hfb-mobile-header-display":"","site-post-title":"","ast-breadcrumbs-content":"","ast-featured-img":"","footer-sml-layout":"","ast-disable-related-posts":"","theme-transparent-header-meta":"","adv-header-id-meta":"","stick-header-meta":"","header-above-stick-meta":"","header-main-stick-meta":"","header-below-stick-meta":"","astra-migrate-meta-layouts":"default","ast-page-background-enabled":"default","ast-page-background-meta":{"desktop":{"background-color":"var(--ast-global-color-5)","background-image":"","background-repeat":"repeat","background-position":"center center","background-size":"auto","background-attachment":"scroll","background-type":"","background-media":"","overlay-type":"","overlay-color":"","overlay-opacity":"","overlay-gradient":""},"tablet":{"background-color":"","background-image":"","background-repeat":"repeat","background-position":"center center","background-size":"auto","background-attachment":"scroll","background-type":"","background-media":"","overlay-type":"","overlay-color":"","overlay-opacity":"","overlay-gradient":""},"mobile":{"background-color":"","background-image":"","background-repeat":"repeat","background-position":"center center","background-size":"auto","background-attachment":"scroll","background-type":"","background-media":"","overlay-type":"","overlay-color":"","overlay-opacity":"","overlay-gradient":""}},"ast-content-background-meta":{"desktop":{"background-color":"var(--ast-global-color-4)","background-image":"","background-repeat":"repeat","background-position":"center center","background-size":"auto","background-attachment":"scroll","background-type":"","background-media":"","overlay-type":"","overlay-color":"","overlay-opacity":"","overlay-gradient":""},"tablet":{"background-color":"var(--ast-global-color-4)","background-image":"","background-repeat":"repeat","background-position":"center center","background-size":"auto","background-attachment":"scroll","background-type":"","background-media":"","overlay-type":"","overlay-color":"","overlay-opacity":"","overlay-gradient":""},"mobile":{"background-color":"var(--ast-global-color-4)","background-image":"","background-repeat":"repeat","background-position":"center center","background-size":"auto","background-attachment":"scroll","background-type":"","background-media":"","overlay-type":"","overlay-color":"","overlay-opacity":"","overlay-gradient":""}},"footnotes":""},"class_list":["post-32","page","type-page","status-publish","hentry"],"jetpack_sharing_enabled":true,"_links":{"self":[{"href":"https:\/\/shop.koroo.fr\/index.php?rest_route=\/wp\/v2\/pages\/32","targetHints":{"allow":["GET"]}}],"collection":[{"href":"https:\/\/shop.koroo.fr\/index.php?rest_route=\/wp\/v2\/pages"}],"about":[{"href":"https:\/\/shop.koroo.fr\/index.php?rest_route=\/wp\/v2\/types\/page"}],"author":[{"embeddable":true,"href":"https:\/\/shop.koroo.fr\/index.php?rest_route=\/wp\/v2\/users\/1"}],"replies":[{"embeddable":true,"href":"https:\/\/shop.koroo.fr\/index.php?rest_route=%2Fwp%2Fv2%2Fcomments&post=32"}],"version-history":[{"count":4,"href":"https:\/\/shop.koroo.fr\/index.php?rest_route=\/wp\/v2\/pages\/32\/revisions"}],"predecessor-version":[{"id":121,"href":"https:\/\/shop.koroo.fr\/index.php?rest_route=\/wp\/v2\/pages\/32\/revisions\/121"}],"wp:attachment":[{"href":"https:\/\/shop.koroo.fr\/index.php?rest_route=%2Fwp%2Fv2%2Fmedia&parent=32"}],"curies":[{"name":"wp","href":"https:\/\/api.w.org\/{rel}","templated":true}]}}