{"id":42,"date":"2022-11-11T08:29:12","date_gmt":"2022-11-11T07:29:12","guid":{"rendered":"https:\/\/shop.koroo.fr\/?product=cafe-cannelle"},"modified":"2026-03-15T17:28:16","modified_gmt":"2026-03-15T16:28:16","slug":"cafe-cannelle","status":"publish","type":"product","link":"https:\/\/shop.koroo.fr\/?product=cafe-cannelle","title":{"rendered":"Caf\u00e9 cannelle"},"content":{"rendered":"<p data-start=\"187\" data-end=\"445\"><span class=\"BZ_Pyq_fadeIn\">Ce <\/span><span class=\"BZ_Pyq_fadeIn\">savon <\/span><span class=\"BZ_Pyq_fadeIn\">est <\/span><span class=\"BZ_Pyq_fadeIn\">particuli\u00e8rement <\/span><span class=\"BZ_Pyq_fadeIn\">appr\u00e9ci\u00e9 <\/span><span class=\"BZ_Pyq_fadeIn\">pour <\/span><span class=\"BZ_Pyq_fadeIn\">son <\/span><span class=\"BZ_Pyq_fadeIn\">pouvoir <\/span><span class=\"BZ_Pyq_fadeIn\">nettoyant <\/span><span class=\"BZ_Pyq_fadeIn\">et <\/span><span class=\"BZ_Pyq_fadeIn\">d\u00e9sodorisant<\/span><span class=\"BZ_Pyq_fadeIn\">. <\/span><span class=\"BZ_Pyq_fadeIn\">L\u2019eau <\/span><span class=\"BZ_Pyq_fadeIn\">est <\/span><span class=\"BZ_Pyq_fadeIn\">ici <\/span><span class=\"BZ_Pyq_fadeIn\">remplac\u00e9e <\/span><span class=\"BZ_Pyq_fadeIn\">par <\/span><span class=\"BZ_Pyq_fadeIn\">du <\/span><span class=\"BZ_Pyq_fadeIn\">caf\u00e9 <\/span><span class=\"BZ_Pyq_fadeIn\">noir<\/span><span class=\"BZ_Pyq_fadeIn\">, <\/span><span class=\"BZ_Pyq_fadeIn\">ce <\/span><span class=\"BZ_Pyq_fadeIn\">qui <\/span><span class=\"BZ_Pyq_fadeIn\">en <\/span><span class=\"BZ_Pyq_fadeIn\">fait <\/span><span class=\"BZ_Pyq_fadeIn\">un <\/span><span class=\"BZ_Pyq_fadeIn\">savon <\/span><span class=\"BZ_Pyq_fadeIn\">tr\u00e8s <\/span><span class=\"BZ_Pyq_fadeIn\">efficace <\/span><span class=\"BZ_Pyq_fadeIn\">pour <\/span><span class=\"BZ_Pyq_fadeIn\">\u00e9liminer <\/span><span class=\"BZ_Pyq_fadeIn\">les <\/span><span class=\"BZ_Pyq_fadeIn\">odeurs <\/span><span class=\"BZ_Pyq_fadeIn\">tenaces <\/span><span class=\"BZ_Pyq_fadeIn\">sur <\/span><span class=\"BZ_Pyq_fadeIn\">les <\/span><span class=\"BZ_Pyq_fadeIn\">mains, <\/span><span class=\"BZ_Pyq_fadeIn\">comme <\/span><span class=\"BZ_Pyq_fadeIn\">apr\u00e8s <\/span><span class=\"BZ_Pyq_fadeIn\">la <\/span><span class=\"BZ_Pyq_fadeIn\">cuisine <\/span><span class=\"BZ_Pyq_fadeIn\">ou <\/span><span class=\"BZ_Pyq_fadeIn\">le <\/span><span class=\"BZ_Pyq_fadeIn\">jardinage.<\/span><\/p>\n<p data-start=\"447\" data-end=\"644\"><span class=\"BZ_Pyq_fadeIn\">L\u2019ajout <\/span><span class=\"BZ_Pyq_fadeIn\">de <\/span><span class=\"BZ_Pyq_fadeIn\">marc <\/span><span class=\"BZ_Pyq_fadeIn\">de <\/span><span class=\"BZ_Pyq_fadeIn\">caf\u00e9<\/span> <span class=\"BZ_Pyq_fadeIn\">apporte <\/span><span class=\"BZ_Pyq_fadeIn\">un <\/span><span class=\"BZ_Pyq_fadeIn\">effet <\/span><span class=\"BZ_Pyq_fadeIn\">exfoliant <\/span><span class=\"BZ_Pyq_fadeIn\">naturel<\/span><span class=\"BZ_Pyq_fadeIn\">. <\/span><span class=\"BZ_Pyq_fadeIn\">Il <\/span><span class=\"BZ_Pyq_fadeIn\">aide <\/span><span class=\"BZ_Pyq_fadeIn\">\u00e0 <\/span><span class=\"BZ_Pyq_fadeIn\">d\u00e9coller <\/span><span class=\"BZ_Pyq_fadeIn\">les <\/span><span class=\"BZ_Pyq_fadeIn\">salet\u00e9s <\/span><span class=\"BZ_Pyq_fadeIn\">tout <\/span><span class=\"BZ_Pyq_fadeIn\">en <\/span><span class=\"BZ_Pyq_fadeIn\">massant <\/span><span class=\"BZ_Pyq_fadeIn\">l\u00e9g\u00e8rement <\/span><span class=\"BZ_Pyq_fadeIn\">la <\/span><span class=\"BZ_Pyq_fadeIn\">peau, <\/span><span class=\"BZ_Pyq_fadeIn\">ce <\/span><span class=\"BZ_Pyq_fadeIn\">qui <\/span><span class=\"BZ_Pyq_fadeIn\">en <\/span><span class=\"BZ_Pyq_fadeIn\">fait <\/span><span class=\"BZ_Pyq_fadeIn\">un <\/span><span class=\"BZ_Pyq_fadeIn\">savon <\/span><span class=\"BZ_Pyq_fadeIn\">tr\u00e8s <\/span><span class=\"BZ_Pyq_fadeIn\">agr\u00e9able <\/span><span class=\"BZ_Pyq_fadeIn\">\u00e0 <\/span><span class=\"BZ_Pyq_fadeIn\">utiliser <\/span><span class=\"BZ_Pyq_fadeIn\">au <\/span><span class=\"BZ_Pyq_fadeIn\">quotidien.<\/span><\/p>\n<p data-start=\"646\" data-end=\"935\"><span class=\"BZ_Pyq_fadeIn\">Pour <\/span><span class=\"BZ_Pyq_fadeIn\">conserver <\/span><span class=\"BZ_Pyq_fadeIn\">de <\/span><span class=\"BZ_Pyq_fadeIn\">la <\/span><span class=\"BZ_Pyq_fadeIn\">douceur, <\/span><span class=\"BZ_Pyq_fadeIn\">la <\/span><span class=\"BZ_Pyq_fadeIn\">recette <\/span><span class=\"BZ_Pyq_fadeIn\">est <\/span><span class=\"BZ_Pyq_fadeIn\">enrichie <\/span><span class=\"BZ_Pyq_fadeIn\">en <\/span><span class=\"BZ_Pyq_fadeIn\">miel<\/span><span class=\"BZ_Pyq_fadeIn\">, <\/span><span class=\"BZ_Pyq_fadeIn\">qui <\/span><span class=\"BZ_Pyq_fadeIn\">apporte <\/span><span class=\"BZ_Pyq_fadeIn\">confort <\/span><span class=\"BZ_Pyq_fadeIn\">et <\/span><span class=\"BZ_Pyq_fadeIn\">souplesse <\/span><span class=\"BZ_Pyq_fadeIn\">\u00e0 <\/span><span class=\"BZ_Pyq_fadeIn\">la <\/span><span class=\"BZ_Pyq_fadeIn\">peau. <\/span><span class=\"BZ_Pyq_fadeIn\">En <\/span><span class=\"BZ_Pyq_fadeIn\">fin <\/span><span class=\"BZ_Pyq_fadeIn\">de <\/span><span class=\"BZ_Pyq_fadeIn\">fabrication, <\/span><span class=\"BZ_Pyq_fadeIn\">j\u2019ajoute <\/span><span class=\"BZ_Pyq_fadeIn\">\u00e9galement <\/span><span class=\"BZ_Pyq_fadeIn\">de <\/span><span class=\"BZ_Pyq_fadeIn\">l\u2019huile <\/span><span class=\"BZ_Pyq_fadeIn\">de <\/span><span class=\"BZ_Pyq_fadeIn\">ricin<\/span><span class=\"BZ_Pyq_fadeIn\">, <\/span><span class=\"BZ_Pyq_fadeIn\">reconnue <\/span><span class=\"BZ_Pyq_fadeIn\">pour <\/span><span class=\"BZ_Pyq_fadeIn\">ses <\/span><span class=\"BZ_Pyq_fadeIn\">propri\u00e9t\u00e9s <\/span><span class=\"BZ_Pyq_fadeIn\">nourrissantes <\/span><span class=\"BZ_Pyq_fadeIn\">et <\/span><span class=\"BZ_Pyq_fadeIn\">appr\u00e9ci\u00e9e <\/span><span class=\"BZ_Pyq_fadeIn\">pour <\/span><span class=\"BZ_Pyq_fadeIn\">prendre <\/span><span class=\"BZ_Pyq_fadeIn\">soin <\/span><span class=\"BZ_Pyq_fadeIn\">des <\/span><span class=\"BZ_Pyq_fadeIn\">mains <\/span><span class=\"BZ_Pyq_fadeIn\">ab\u00eem\u00e9es <\/span><span class=\"BZ_Pyq_fadeIn\">ou trop <\/span><span class=\"BZ_Pyq_fadeIn\">sollicit\u00e9es<\/span><span class=\"BZ_Pyq_fadeIn\">.<\/span><\/p>\n<p data-start=\"937\" data-end=\"1094\"><span class=\"BZ_Pyq_fadeIn\">Le <\/span><span class=\"BZ_Pyq_fadeIn\">tout <\/span><span class=\"BZ_Pyq_fadeIn\">est <\/span><span class=\"BZ_Pyq_fadeIn\">accompagn\u00e9 <\/span><span class=\"BZ_Pyq_fadeIn\">d\u2019un <\/span><span class=\"BZ_Pyq_fadeIn\">parfum <\/span><span class=\"BZ_Pyq_fadeIn\">gourmand <\/span><span class=\"BZ_Pyq_fadeIn\">de <\/span><span class=\"BZ_Pyq_fadeIn\">cannelle<\/span><span class=\"BZ_Pyq_fadeIn\">, <\/span><span class=\"BZ_Pyq_fadeIn\">qui <\/span><span class=\"BZ_Pyq_fadeIn\">s\u2019accorde <\/span><span class=\"BZ_Pyq_fadeIn\">parfaitement <\/span><span class=\"BZ_Pyq_fadeIn\">avec <\/span><span class=\"BZ_Pyq_fadeIn\">la <\/span><span class=\"BZ_Pyq_fadeIn\">couleur <\/span><span class=\"BZ_Pyq_fadeIn\">chaude <\/span><span class=\"BZ_Pyq_fadeIn\">du <\/span><span class=\"BZ_Pyq_fadeIn\">savon <\/span><span class=\"BZ_Pyq_fadeIn\">et <\/span><span class=\"BZ_Pyq_fadeIn\">renforce <\/span><span class=\"BZ_Pyq_fadeIn\">son <\/span><span class=\"BZ_Pyq_fadeIn\">caract\u00e8re <\/span><span class=\"BZ_Pyq_fadeIn\">chaleureux.<\/span><\/p>\n<p data-start=\"1096\" data-end=\"1389\"><span class=\"BZ_Pyq_fadeIn\">Comme <\/span><span class=\"BZ_Pyq_fadeIn\">tous <\/span><span class=\"BZ_Pyq_fadeIn\">les <\/span><span class=\"BZ_Pyq_fadeIn\">savons <\/span><span class=\"BZ_Pyq_fadeIn\">de <\/span><span class=\"BZ_Pyq_fadeIn\">la <\/span><span class=\"BZ_Pyq_fadeIn\">savonnerie, <\/span><span class=\"BZ_Pyq_fadeIn\">Caf\u00e9 <\/span><span class=\"BZ_Pyq_fadeIn\">Cannelle <\/span><span class=\"BZ_Pyq_fadeIn\">est <\/span><span class=\"BZ_Pyq_fadeIn\">fabriqu\u00e9 <\/span><span class=\"BZ_Pyq_fadeIn\">artisanalement <\/span><span class=\"BZ_Pyq_fadeIn\">selon <\/span><span class=\"BZ_Pyq_fadeIn\">la <\/span><span class=\"BZ_Pyq_fadeIn\">m\u00e9thode <\/span><span class=\"BZ_Pyq_fadeIn\">de <\/span><span class=\"BZ_Pyq_fadeIn\">saponification <\/span><span class=\"BZ_Pyq_fadeIn\">\u00e0 <\/span><span class=\"BZ_Pyq_fadeIn\">froid<\/span><span class=\"BZ_Pyq_fadeIn\">. <\/span><span class=\"BZ_Pyq_fadeIn\">Ce <\/span><span class=\"BZ_Pyq_fadeIn\">proc\u00e9d\u00e9 <\/span><span class=\"BZ_Pyq_fadeIn\">permet <\/span><span class=\"BZ_Pyq_fadeIn\">de <\/span><span class=\"BZ_Pyq_fadeIn\">pr\u00e9server <\/span><span class=\"BZ_Pyq_fadeIn\">les <\/span><span class=\"BZ_Pyq_fadeIn\">qualit\u00e9s <\/span><span class=\"BZ_Pyq_fadeIn\">des <\/span><span class=\"BZ_Pyq_fadeIn\">huiles <\/span><span class=\"BZ_Pyq_fadeIn\">et <\/span><span class=\"BZ_Pyq_fadeIn\">beurres <\/span><span class=\"BZ_Pyq_fadeIn\">utilis\u00e9s <\/span><span class=\"BZ_Pyq_fadeIn\">et <\/span><span class=\"BZ_Pyq_fadeIn\">produit <\/span><span class=\"BZ_Pyq_fadeIn\">naturellement <\/span><span class=\"BZ_Pyq_fadeIn\">de <\/span><span class=\"BZ_Pyq_fadeIn\">la <\/span><span class=\"BZ_Pyq_fadeIn\">glyc\u00e9rine<\/span><span class=\"BZ_Pyq_fadeIn\">, <\/span><span class=\"BZ_Pyq_fadeIn\">appr\u00e9ci\u00e9e <\/span><span class=\"BZ_Pyq_fadeIn\">pour <\/span><span class=\"BZ_Pyq_fadeIn\">ses <\/span><span class=\"BZ_Pyq_fadeIn\">propri\u00e9t\u00e9s <\/span><span class=\"BZ_Pyq_fadeIn\">hydratantes.<\/span><\/p>\n<p data-start=\"1391\" data-end=\"1533\"><span class=\"BZ_Pyq_fadeIn\">C\u2019est <\/span><span class=\"BZ_Pyq_fadeIn\">un <\/span><span class=\"BZ_Pyq_fadeIn\">savon <\/span><span class=\"BZ_Pyq_fadeIn\">particuli\u00e8rement <\/span><span class=\"BZ_Pyq_fadeIn\">adapt\u00e9 <\/span><span class=\"BZ_Pyq_fadeIn\">pour <\/span><span class=\"BZ_Pyq_fadeIn\">les <\/span><span class=\"BZ_Pyq_fadeIn\">mains<\/span><span class=\"BZ_Pyq_fadeIn\">, <\/span><span class=\"BZ_Pyq_fadeIn\">mais <\/span><span class=\"BZ_Pyq_fadeIn\">il <\/span><span class=\"BZ_Pyq_fadeIn\">peut <\/span><span class=\"BZ_Pyq_fadeIn\">aussi <\/span><span class=\"BZ_Pyq_fadeIn\">\u00eatre <\/span><span class=\"BZ_Pyq_fadeIn\">utilis\u00e9 <\/span><span class=\"BZ_Pyq_fadeIn\">sur <\/span><span class=\"BZ_Pyq_fadeIn\">le <\/span><span class=\"BZ_Pyq_fadeIn\">corps <\/span><span class=\"BZ_Pyq_fadeIn\">par <\/span><span class=\"BZ_Pyq_fadeIn\">les <\/span><span class=\"BZ_Pyq_fadeIn\">amateurs <\/span><span class=\"BZ_Pyq_fadeIn\">de <\/span><span class=\"BZ_Pyq_fadeIn\">savons <\/span><span class=\"BZ_Pyq_fadeIn\">exfoliants.<\/span><\/p>\n<p>Composition :<\/p>\n<p>huile de tournesol ol\u00e9ique, caf\u00e9 noir, beurre de coco et beurre de karit\u00e9 saponifi\u00e9s \u00e0 froid, glyc\u00e9rine issue de la saponification,\u00a0 huile de ricin, miel, marc de caf\u00e9, cacao, huile essentielle de cannelle<\/p>\n<p>Poids : 100g<\/p>\n<p>Ingr\u00e9dients (INCI): sodium sunflowerseedate, sodium cocoate, sodium castorate, sodium shea butterate , aqua, coffea arabica seed powder, glycerin, theobroma cacao extract , mel, cinnamomum zeylanicum bark oil<\/p>\n","protected":false},"excerpt":{"rendered":"<h5><span class=\"BZ_Pyq_fadeIn\">Un <\/span><span class=\"BZ_Pyq_fadeIn\">savon <\/span><span class=\"BZ_Pyq_fadeIn\">exfoliant <\/span><span class=\"BZ_Pyq_fadeIn\">au <\/span><span class=\"BZ_Pyq_fadeIn\">caf\u00e9 <\/span><span class=\"BZ_Pyq_fadeIn\">et <\/span><span class=\"BZ_Pyq_fadeIn\">\u00e0 <\/span><span class=\"BZ_Pyq_fadeIn\">la <\/span><span class=\"BZ_Pyq_fadeIn\">cannelle, <\/span><span class=\"BZ_Pyq_fadeIn\">id\u00e9al <\/span><span class=\"BZ_Pyq_fadeIn\">pour <\/span><span class=\"BZ_Pyq_fadeIn\">nettoyer <\/span><span class=\"BZ_Pyq_fadeIn\">les <\/span><span class=\"BZ_Pyq_fadeIn\">mains <\/span><span class=\"BZ_Pyq_fadeIn\">en <\/span><span class=\"BZ_Pyq_fadeIn\">profondeur <\/span><span class=\"BZ_Pyq_fadeIn\">tout <\/span><span class=\"BZ_Pyq_fadeIn\">en <\/span><span class=\"BZ_Pyq_fadeIn\">restant <\/span><span class=\"BZ_Pyq_fadeIn\">doux <\/span><span class=\"BZ_Pyq_fadeIn\">pour <\/span><span class=\"BZ_Pyq_fadeIn\">la <\/span><span class=\"BZ_Pyq_fadeIn\">peau<\/span><\/h5>\n","protected":false},"featured_media":41,"comment_status":"open","ping_status":"closed","template":"","meta":{"site-sidebar-layout":"default","site-content-layout":"","ast-site-content-layout":"default","site-content-style":"default","site-sidebar-style":"default","ast-global-header-display":"","ast-banner-title-visibility":"","ast-main-header-display":"","ast-hfb-above-header-display":"","ast-hfb-below-header-display":"","ast-hfb-mobile-header-display":"","site-post-title":"","ast-breadcrumbs-content":"","ast-featured-img":"","footer-sml-layout":"","ast-disable-related-posts":"","theme-transparent-header-meta":"default","adv-header-id-meta":"","stick-header-meta":"","header-above-stick-meta":"","header-main-stick-meta":"","header-below-stick-meta":"","astra-migrate-meta-layouts":"set","ast-page-background-enabled":"default","ast-page-background-meta":{"desktop":{"background-color":"var(--ast-global-color-5)","background-image":"","background-repeat":"repeat","background-position":"center center","background-size":"auto","background-attachment":"scroll","background-type":"","background-media":"","overlay-type":"","overlay-color":"","overlay-opacity":"","overlay-gradient":""},"tablet":{"background-color":"","background-image":"","background-repeat":"repeat","background-position":"center center","background-size":"auto","background-attachment":"scroll","background-type":"","background-media":"","overlay-type":"","overlay-color":"","overlay-opacity":"","overlay-gradient":""},"mobile":{"background-color":"","background-image":"","background-repeat":"repeat","background-position":"center center","background-size":"auto","background-attachment":"scroll","background-type":"","background-media":"","overlay-type":"","overlay-color":"","overlay-opacity":"","overlay-gradient":""}},"ast-content-background-meta":{"desktop":{"background-color":"var(--ast-global-color-4)","background-image":"","background-repeat":"repeat","background-position":"center center","background-size":"auto","background-attachment":"scroll","background-type":"","background-media":"","overlay-type":"","overlay-color":"","overlay-opacity":"","overlay-gradient":""},"tablet":{"background-color":"var(--ast-global-color-4)","background-image":"","background-repeat":"repeat","background-position":"center center","background-size":"auto","background-attachment":"scroll","background-type":"","background-media":"","overlay-type":"","overlay-color":"","overlay-opacity":"","overlay-gradient":""},"mobile":{"background-color":"var(--ast-global-color-4)","background-image":"","background-repeat":"repeat","background-position":"center center","background-size":"auto","background-attachment":"scroll","background-type":"","background-media":"","overlay-type":"","overlay-color":"","overlay-opacity":"","overlay-gradient":""}}},"product_brand":[],"product_cat":[18],"product_tag":[],"class_list":{"0":"post-42","1":"product","2":"type-product","3":"status-publish","4":"has-post-thumbnail","6":"product_cat-savons","7":"desktop-align-left","8":"tablet-align-left","9":"mobile-align-left","11":"first","12":"instock","13":"shipping-taxable","14":"purchasable","15":"product-type-simple"},"jetpack_sharing_enabled":true,"_links":{"self":[{"href":"https:\/\/shop.koroo.fr\/index.php?rest_route=\/wp\/v2\/product\/42","targetHints":{"allow":["GET"]}}],"collection":[{"href":"https:\/\/shop.koroo.fr\/index.php?rest_route=\/wp\/v2\/product"}],"about":[{"href":"https:\/\/shop.koroo.fr\/index.php?rest_route=\/wp\/v2\/types\/product"}],"replies":[{"embeddable":true,"href":"https:\/\/shop.koroo.fr\/index.php?rest_route=%2Fwp%2Fv2%2Fcomments&post=42"}],"wp:featuredmedia":[{"embeddable":true,"href":"https:\/\/shop.koroo.fr\/index.php?rest_route=\/wp\/v2\/media\/41"}],"wp:attachment":[{"href":"https:\/\/shop.koroo.fr\/index.php?rest_route=%2Fwp%2Fv2%2Fmedia&parent=42"}],"wp:term":[{"taxonomy":"product_brand","embeddable":true,"href":"https:\/\/shop.koroo.fr\/index.php?rest_route=%2Fwp%2Fv2%2Fproduct_brand&post=42"},{"taxonomy":"product_cat","embeddable":true,"href":"https:\/\/shop.koroo.fr\/index.php?rest_route=%2Fwp%2Fv2%2Fproduct_cat&post=42"},{"taxonomy":"product_tag","embeddable":true,"href":"https:\/\/shop.koroo.fr\/index.php?rest_route=%2Fwp%2Fv2%2Fproduct_tag&post=42"}],"curies":[{"name":"wp","href":"https:\/\/api.w.org\/{rel}","templated":true}]}}