{"id":48,"date":"2022-11-11T08:34:53","date_gmt":"2022-11-11T07:34:53","guid":{"rendered":"https:\/\/shop.koroo.fr\/?product=garrigue"},"modified":"2026-03-15T17:32:24","modified_gmt":"2026-03-15T16:32:24","slug":"garrigue","status":"publish","type":"product","link":"https:\/\/shop.koroo.fr\/?product=garrigue","title":{"rendered":"Garrigue"},"content":{"rendered":"<p data-start=\"152\" data-end=\"417\"><span class=\"BZ_Pyq_fadeIn\">D\u00e8s <\/span><span class=\"BZ_Pyq_fadeIn\">le <\/span><span class=\"BZ_Pyq_fadeIn\">premier <\/span><span class=\"BZ_Pyq_fadeIn\">regard, <\/span><span class=\"BZ_Pyq_fadeIn\">sa <\/span><span class=\"BZ_Pyq_fadeIn\">teinte <\/span><span class=\"BZ_Pyq_fadeIn\">jaune <\/span><span class=\"BZ_Pyq_fadeIn\">soutenue<\/span><span class=\"BZ_Pyq_fadeIn\">, <\/span><span class=\"BZ_Pyq_fadeIn\">obtenue <\/span><span class=\"BZ_Pyq_fadeIn\">gr\u00e2ce <\/span><span class=\"BZ_Pyq_fadeIn\">au <\/span><span class=\"BZ_Pyq_fadeIn\">jus <\/span><span class=\"BZ_Pyq_fadeIn\">de <\/span><span class=\"BZ_Pyq_fadeIn\">carotte<\/span><span class=\"BZ_Pyq_fadeIn\">, <\/span><span class=\"BZ_Pyq_fadeIn\">attire <\/span><span class=\"BZ_Pyq_fadeIn\">l\u2019\u0153il <\/span><span class=\"BZ_Pyq_fadeIn\">et <\/span><span class=\"BZ_Pyq_fadeIn\">donne <\/span><span class=\"BZ_Pyq_fadeIn\">envie <\/span><span class=\"BZ_Pyq_fadeIn\">de <\/span><span class=\"BZ_Pyq_fadeIn\">le <\/span><span class=\"BZ_Pyq_fadeIn\">d\u00e9couvrir. <\/span><span class=\"BZ_Pyq_fadeIn\">Ce <\/span><span class=\"BZ_Pyq_fadeIn\">savon <\/span><span class=\"BZ_Pyq_fadeIn\">se <\/span><span class=\"BZ_Pyq_fadeIn\">distingue <\/span><span class=\"BZ_Pyq_fadeIn\">par <\/span><span class=\"BZ_Pyq_fadeIn\">sa <\/span><span class=\"BZ_Pyq_fadeIn\">personnalit\u00e9 <\/span><span class=\"BZ_Pyq_fadeIn\">aromatique <\/span><span class=\"BZ_Pyq_fadeIn\">forte<\/span><span class=\"BZ_Pyq_fadeIn\">, <\/span><span class=\"BZ_Pyq_fadeIn\">inspir\u00e9e <\/span><span class=\"BZ_Pyq_fadeIn\">par <\/span><span class=\"BZ_Pyq_fadeIn\">les <\/span><span class=\"BZ_Pyq_fadeIn\">paysages <\/span><span class=\"BZ_Pyq_fadeIn\">parfum\u00e9s <\/span><span class=\"BZ_Pyq_fadeIn\">de <\/span><span class=\"BZ_Pyq_fadeIn\">la <\/span><span class=\"BZ_Pyq_fadeIn\">garrigue <\/span><span class=\"BZ_Pyq_fadeIn\">m\u00e9diterran\u00e9enne.<\/span><\/p>\n<p data-start=\"419\" data-end=\"719\"><span class=\"BZ_Pyq_fadeIn\">Le <\/span><span class=\"BZ_Pyq_fadeIn\">parfum <\/span><span class=\"BZ_Pyq_fadeIn\">est <\/span><span class=\"BZ_Pyq_fadeIn\">un <\/span><span class=\"BZ_Pyq_fadeIn\">m\u00e9lange <\/span><span class=\"BZ_Pyq_fadeIn\">subtil <\/span><span class=\"BZ_Pyq_fadeIn\">et <\/span><span class=\"BZ_Pyq_fadeIn\">r\u00e9sineux <\/span><span class=\"BZ_Pyq_fadeIn\">d\u2019<\/span><span class=\"BZ_Pyq_fadeIn\">huiles <\/span><span class=\"BZ_Pyq_fadeIn\">essentielles <\/span><span class=\"BZ_Pyq_fadeIn\">de <\/span><span class=\"BZ_Pyq_fadeIn\">gen\u00e9vrier <\/span><span class=\"BZ_Pyq_fadeIn\">et <\/span><span class=\"BZ_Pyq_fadeIn\">de <\/span><span class=\"BZ_Pyq_fadeIn\">Bay <\/span><span class=\"BZ_Pyq_fadeIn\">Saint <\/span><span class=\"BZ_Pyq_fadeIn\">Thomas<\/span><span class=\"BZ_Pyq_fadeIn\">, <\/span><span class=\"BZ_Pyq_fadeIn\">qui <\/span><span class=\"BZ_Pyq_fadeIn\">\u00e9voque <\/span><span class=\"BZ_Pyq_fadeIn\">les <\/span><span class=\"BZ_Pyq_fadeIn\">senteurs <\/span><span class=\"BZ_Pyq_fadeIn\">chaudes <\/span><span class=\"BZ_Pyq_fadeIn\">et <\/span><span class=\"BZ_Pyq_fadeIn\">v\u00e9g\u00e9tales <\/span><span class=\"BZ_Pyq_fadeIn\">des <\/span><span class=\"BZ_Pyq_fadeIn\">herbes <\/span><span class=\"BZ_Pyq_fadeIn\">et <\/span><span class=\"BZ_Pyq_fadeIn\">arbustes <\/span><span class=\"BZ_Pyq_fadeIn\">de <\/span><span class=\"BZ_Pyq_fadeIn\">la <\/span><span class=\"BZ_Pyq_fadeIn\">garrigue. <\/span><span class=\"BZ_Pyq_fadeIn\">C\u2019est <\/span><span class=\"BZ_Pyq_fadeIn\">un <\/span><span class=\"BZ_Pyq_fadeIn\">savon <\/span><span class=\"BZ_Pyq_fadeIn\">qui <\/span><span class=\"BZ_Pyq_fadeIn\">transporte <\/span><span class=\"BZ_Pyq_fadeIn\">les <\/span><span class=\"BZ_Pyq_fadeIn\">sens <\/span><span class=\"BZ_Pyq_fadeIn\">et <\/span><span class=\"BZ_Pyq_fadeIn\">transforme <\/span><span class=\"BZ_Pyq_fadeIn\">la <\/span><span class=\"BZ_Pyq_fadeIn\">toilette <\/span><span class=\"BZ_Pyq_fadeIn\">quotidienne <\/span><span class=\"BZ_Pyq_fadeIn\">en <\/span><span class=\"BZ_Pyq_fadeIn\">un <\/span><span class=\"BZ_Pyq_fadeIn\">petit <\/span><span class=\"BZ_Pyq_fadeIn\">voyage <\/span><span class=\"BZ_Pyq_fadeIn\">olfactif<\/span><span class=\"BZ_Pyq_fadeIn\">.<\/span><\/p>\n<p data-start=\"721\" data-end=\"1012\"><span class=\"BZ_Pyq_fadeIn\">Comme <\/span><span class=\"BZ_Pyq_fadeIn\">tous <\/span><span class=\"BZ_Pyq_fadeIn\">les <\/span><span class=\"BZ_Pyq_fadeIn\">savons <\/span><span class=\"BZ_Pyq_fadeIn\">de <\/span><span class=\"BZ_Pyq_fadeIn\">la <\/span><span class=\"BZ_Pyq_fadeIn\">savonnerie, <\/span><span class=\"BZ_Pyq_fadeIn\">Garrigue <\/span><span class=\"BZ_Pyq_fadeIn\">est <\/span><span class=\"BZ_Pyq_fadeIn\">fabriqu\u00e9 <\/span><span class=\"BZ_Pyq_fadeIn\">artisanalement <\/span><span class=\"BZ_Pyq_fadeIn\">selon <\/span><span class=\"BZ_Pyq_fadeIn\">la <\/span><span class=\"BZ_Pyq_fadeIn\">m\u00e9thode <\/span><span class=\"BZ_Pyq_fadeIn\">de <\/span><span class=\"BZ_Pyq_fadeIn\">saponification <\/span><span class=\"BZ_Pyq_fadeIn\">\u00e0 <\/span><span class=\"BZ_Pyq_fadeIn\">froid<\/span><span class=\"BZ_Pyq_fadeIn\">, <\/span><span class=\"BZ_Pyq_fadeIn\">ce <\/span><span class=\"BZ_Pyq_fadeIn\">qui <\/span><span class=\"BZ_Pyq_fadeIn\">permet <\/span><span class=\"BZ_Pyq_fadeIn\">de <\/span><span class=\"BZ_Pyq_fadeIn\">pr\u00e9server <\/span><span class=\"BZ_Pyq_fadeIn\">les <\/span><span class=\"BZ_Pyq_fadeIn\">qualit\u00e9s <\/span><span class=\"BZ_Pyq_fadeIn\">des <\/span><span class=\"BZ_Pyq_fadeIn\">huiles <\/span><span class=\"BZ_Pyq_fadeIn\">et <\/span><span class=\"BZ_Pyq_fadeIn\">des <\/span><span class=\"BZ_Pyq_fadeIn\">beurres <\/span><span class=\"BZ_Pyq_fadeIn\">utilis\u00e9s <\/span><span class=\"BZ_Pyq_fadeIn\">et <\/span><span class=\"BZ_Pyq_fadeIn\">de <\/span><span class=\"BZ_Pyq_fadeIn\">produire <\/span><span class=\"BZ_Pyq_fadeIn\">naturellement <\/span><span class=\"BZ_Pyq_fadeIn\">de <\/span><span class=\"BZ_Pyq_fadeIn\">la <\/span><span class=\"BZ_Pyq_fadeIn\">glyc\u00e9rine<\/span><span class=\"BZ_Pyq_fadeIn\">, <\/span><span class=\"BZ_Pyq_fadeIn\">reconnue <\/span><span class=\"BZ_Pyq_fadeIn\">pour <\/span><span class=\"BZ_Pyq_fadeIn\">ses <\/span><span class=\"BZ_Pyq_fadeIn\">propri\u00e9t\u00e9s <\/span><span class=\"BZ_Pyq_fadeIn\">hydratantes.<\/span><\/p>\n<p data-start=\"1014\" data-end=\"1211\"><span class=\"BZ_Pyq_fadeIn\">Sa <\/span><span class=\"BZ_Pyq_fadeIn\">mousse <\/span><span class=\"BZ_Pyq_fadeIn\">douce <\/span><span class=\"BZ_Pyq_fadeIn\">et <\/span><span class=\"BZ_Pyq_fadeIn\">cr\u00e9meuse <\/span><span class=\"BZ_Pyq_fadeIn\">nettoie <\/span><span class=\"BZ_Pyq_fadeIn\">la <\/span><span class=\"BZ_Pyq_fadeIn\">peau <\/span><span class=\"BZ_Pyq_fadeIn\">tout <\/span><span class=\"BZ_Pyq_fadeIn\">en <\/span><span class=\"BZ_Pyq_fadeIn\">respectant <\/span><span class=\"BZ_Pyq_fadeIn\">son \u00e9quilibre<\/span><span class=\"BZ_Pyq_fadeIn\">\u00a0<\/span><span class=\"BZ_Pyq_fadeIn\">naturel, <\/span><span class=\"BZ_Pyq_fadeIn\">faisant <\/span><span class=\"BZ_Pyq_fadeIn\">de <\/span><span class=\"BZ_Pyq_fadeIn\">ce <\/span><span class=\"BZ_Pyq_fadeIn\">savon <\/span><span class=\"BZ_Pyq_fadeIn\">un <\/span><span class=\"BZ_Pyq_fadeIn\">compagnon <\/span><span class=\"BZ_Pyq_fadeIn\">id\u00e9al <\/span><span class=\"BZ_Pyq_fadeIn\">pour <\/span><span class=\"BZ_Pyq_fadeIn\">ceux <\/span><span class=\"BZ_Pyq_fadeIn\">qui <\/span><span class=\"BZ_Pyq_fadeIn\">aiment <\/span><span class=\"BZ_Pyq_fadeIn\">les <\/span><span class=\"BZ_Pyq_fadeIn\">savons <\/span><span class=\"BZ_Pyq_fadeIn\">aux <\/span><span class=\"BZ_Pyq_fadeIn\">senteurs <\/span><span class=\"BZ_Pyq_fadeIn\">originales <\/span><span class=\"BZ_Pyq_fadeIn\">et <\/span><span class=\"BZ_Pyq_fadeIn\">affirm\u00e9es<\/span><span class=\"BZ_Pyq_fadeIn\">.<\/span><\/p>\n<p>Composition :<\/p>\n<p>Huile de tournesol ol\u00e9ique, beurre de coco et beurre de karit\u00e9 saponifi\u00e9s \u00e0 froid, jus de carotte, glyc\u00e9rine issue de la saponification, huiles essentielles g\u00e9n\u00e9vrier, bay Saint Thomas<\/p>\n<p>Poids : 100g<\/p>\n<p>Ingr\u00e9dients (INCI): sodium sunflowerseedate, sodium cocoate, sodium shea butterate, daucus carota sativa juice, glycerin, juniperus communis fruit oil, pimenta racemosa leaf\/fruit oil<\/p>\n","protected":false},"excerpt":{"rendered":"<h5><span class=\"BZ_Pyq_fadeIn\">Un <\/span><span class=\"BZ_Pyq_fadeIn\">savon <\/span><span class=\"BZ_Pyq_fadeIn\">au <\/span><span class=\"BZ_Pyq_fadeIn\">parfum <\/span><span class=\"BZ_Pyq_fadeIn\">aromatique <\/span><span class=\"BZ_Pyq_fadeIn\">et <\/span><span class=\"BZ_Pyq_fadeIn\">r\u00e9sineux, <\/span><span class=\"BZ_Pyq_fadeIn\">qui <\/span><span class=\"BZ_Pyq_fadeIn\">\u00e9voque <\/span><span class=\"BZ_Pyq_fadeIn\">les <\/span><span class=\"BZ_Pyq_fadeIn\">chaudes <\/span><span class=\"BZ_Pyq_fadeIn\">journ\u00e9es <\/span><span class=\"BZ_Pyq_fadeIn\">au <\/span><span class=\"BZ_Pyq_fadeIn\">c\u0153ur <\/span><span class=\"BZ_Pyq_fadeIn\">de <\/span><span class=\"BZ_Pyq_fadeIn\">la <\/span><span class=\"BZ_Pyq_fadeIn\">garrigue<\/span><\/h5>\n","protected":false},"featured_media":47,"comment_status":"open","ping_status":"closed","template":"","meta":{"site-sidebar-layout":"default","site-content-layout":"","ast-site-content-layout":"default","site-content-style":"default","site-sidebar-style":"default","ast-global-header-display":"","ast-banner-title-visibility":"","ast-main-header-display":"","ast-hfb-above-header-display":"","ast-hfb-below-header-display":"","ast-hfb-mobile-header-display":"","site-post-title":"","ast-breadcrumbs-content":"","ast-featured-img":"","footer-sml-layout":"","ast-disable-related-posts":"","theme-transparent-header-meta":"default","adv-header-id-meta":"","stick-header-meta":"","header-above-stick-meta":"","header-main-stick-meta":"","header-below-stick-meta":"","astra-migrate-meta-layouts":"set","ast-page-background-enabled":"default","ast-page-background-meta":{"desktop":{"background-color":"var(--ast-global-color-5)","background-image":"","background-repeat":"repeat","background-position":"center center","background-size":"auto","background-attachment":"scroll","background-type":"","background-media":"","overlay-type":"","overlay-color":"","overlay-opacity":"","overlay-gradient":""},"tablet":{"background-color":"","background-image":"","background-repeat":"repeat","background-position":"center center","background-size":"auto","background-attachment":"scroll","background-type":"","background-media":"","overlay-type":"","overlay-color":"","overlay-opacity":"","overlay-gradient":""},"mobile":{"background-color":"","background-image":"","background-repeat":"repeat","background-position":"center center","background-size":"auto","background-attachment":"scroll","background-type":"","background-media":"","overlay-type":"","overlay-color":"","overlay-opacity":"","overlay-gradient":""}},"ast-content-background-meta":{"desktop":{"background-color":"var(--ast-global-color-4)","background-image":"","background-repeat":"repeat","background-position":"center center","background-size":"auto","background-attachment":"scroll","background-type":"","background-media":"","overlay-type":"","overlay-color":"","overlay-opacity":"","overlay-gradient":""},"tablet":{"background-color":"var(--ast-global-color-4)","background-image":"","background-repeat":"repeat","background-position":"center center","background-size":"auto","background-attachment":"scroll","background-type":"","background-media":"","overlay-type":"","overlay-color":"","overlay-opacity":"","overlay-gradient":""},"mobile":{"background-color":"var(--ast-global-color-4)","background-image":"","background-repeat":"repeat","background-position":"center center","background-size":"auto","background-attachment":"scroll","background-type":"","background-media":"","overlay-type":"","overlay-color":"","overlay-opacity":"","overlay-gradient":""}}},"product_brand":[],"product_cat":[18],"product_tag":[],"class_list":{"0":"post-48","1":"product","2":"type-product","3":"status-publish","4":"has-post-thumbnail","6":"product_cat-savons","7":"desktop-align-left","8":"tablet-align-left","9":"mobile-align-left","11":"first","12":"instock","13":"shipping-taxable","14":"purchasable","15":"product-type-simple"},"jetpack_sharing_enabled":true,"_links":{"self":[{"href":"https:\/\/shop.koroo.fr\/index.php?rest_route=\/wp\/v2\/product\/48","targetHints":{"allow":["GET"]}}],"collection":[{"href":"https:\/\/shop.koroo.fr\/index.php?rest_route=\/wp\/v2\/product"}],"about":[{"href":"https:\/\/shop.koroo.fr\/index.php?rest_route=\/wp\/v2\/types\/product"}],"replies":[{"embeddable":true,"href":"https:\/\/shop.koroo.fr\/index.php?rest_route=%2Fwp%2Fv2%2Fcomments&post=48"}],"wp:featuredmedia":[{"embeddable":true,"href":"https:\/\/shop.koroo.fr\/index.php?rest_route=\/wp\/v2\/media\/47"}],"wp:attachment":[{"href":"https:\/\/shop.koroo.fr\/index.php?rest_route=%2Fwp%2Fv2%2Fmedia&parent=48"}],"wp:term":[{"taxonomy":"product_brand","embeddable":true,"href":"https:\/\/shop.koroo.fr\/index.php?rest_route=%2Fwp%2Fv2%2Fproduct_brand&post=48"},{"taxonomy":"product_cat","embeddable":true,"href":"https:\/\/shop.koroo.fr\/index.php?rest_route=%2Fwp%2Fv2%2Fproduct_cat&post=48"},{"taxonomy":"product_tag","embeddable":true,"href":"https:\/\/shop.koroo.fr\/index.php?rest_route=%2Fwp%2Fv2%2Fproduct_tag&post=48"}],"curies":[{"name":"wp","href":"https:\/\/api.w.org\/{rel}","templated":true}]}}