{"id":50,"date":"2022-11-11T08:36:21","date_gmt":"2022-11-11T07:36:21","guid":{"rendered":"https:\/\/shop.koroo.fr\/?product=lijiang"},"modified":"2026-03-15T17:34:28","modified_gmt":"2026-03-15T16:34:28","slug":"lijiang","status":"publish","type":"product","link":"https:\/\/shop.koroo.fr\/?product=lijiang","title":{"rendered":"Lijiang"},"content":{"rendered":"<p data-start=\"145\" data-end=\"367\"><span class=\"BZ_Pyq_fadeIn\">Lijiang <\/span><span class=\"BZ_Pyq_fadeIn\">est <\/span><span class=\"BZ_Pyq_fadeIn\">un <\/span><span class=\"BZ_Pyq_fadeIn\">savon <\/span><span class=\"BZ_Pyq_fadeIn\">tout <\/span><span class=\"BZ_Pyq_fadeIn\">en <\/span><span class=\"BZ_Pyq_fadeIn\">douceur<\/span><span class=\"BZ_Pyq_fadeIn\">, <\/span><span class=\"BZ_Pyq_fadeIn\">con\u00e7u <\/span><span class=\"BZ_Pyq_fadeIn\">pour <\/span><span class=\"BZ_Pyq_fadeIn\">apporter <\/span><span class=\"BZ_Pyq_fadeIn\">\u00e9quilibre <\/span><span class=\"BZ_Pyq_fadeIn\">et <\/span><span class=\"BZ_Pyq_fadeIn\">confort <\/span><span class=\"BZ_Pyq_fadeIn\">\u00e0 <\/span><span class=\"BZ_Pyq_fadeIn\">la <\/span><span class=\"BZ_Pyq_fadeIn\">peau. <\/span><span class=\"BZ_Pyq_fadeIn\">Sa <\/span><span class=\"BZ_Pyq_fadeIn\">formule <\/span><span class=\"BZ_Pyq_fadeIn\">associe <\/span><span class=\"BZ_Pyq_fadeIn\">lait <\/span><span class=\"BZ_Pyq_fadeIn\">de <\/span><span class=\"BZ_Pyq_fadeIn\">ch\u00e8vre <\/span><span class=\"BZ_Pyq_fadeIn\">et <\/span><span class=\"BZ_Pyq_fadeIn\">argile <\/span><span class=\"BZ_Pyq_fadeIn\">blanche<\/span><span class=\"BZ_Pyq_fadeIn\">, <\/span><span class=\"BZ_Pyq_fadeIn\">qui <\/span><span class=\"BZ_Pyq_fadeIn\">procurent <\/span><span class=\"BZ_Pyq_fadeIn\">douceur, <\/span><span class=\"BZ_Pyq_fadeIn\">apaisement <\/span><span class=\"BZ_Pyq_fadeIn\">et <\/span><span class=\"BZ_Pyq_fadeIn\">une <\/span><span class=\"BZ_Pyq_fadeIn\">mousse <\/span><span class=\"BZ_Pyq_fadeIn\">l\u00e9g\u00e8re <\/span><span class=\"BZ_Pyq_fadeIn\">et <\/span><span class=\"BZ_Pyq_fadeIn\">agr\u00e9able.<\/span><\/p>\n<p data-start=\"369\" data-end=\"609\"><span class=\"BZ_Pyq_fadeIn\">Son <\/span><span class=\"BZ_Pyq_fadeIn\">parfum <\/span><span class=\"BZ_Pyq_fadeIn\">est <\/span><span class=\"BZ_Pyq_fadeIn\">frais <\/span><span class=\"BZ_Pyq_fadeIn\">et <\/span><span class=\"BZ_Pyq_fadeIn\">d\u00e9licat : <\/span><span class=\"BZ_Pyq_fadeIn\">les <\/span><span class=\"BZ_Pyq_fadeIn\">huiles <\/span><span class=\"BZ_Pyq_fadeIn\">essentielles <\/span><span class=\"BZ_Pyq_fadeIn\">de <\/span><span class=\"BZ_Pyq_fadeIn\">g\u00e9ranium <\/span><span class=\"BZ_Pyq_fadeIn\">d\u2019\u00c9gypte <\/span><span class=\"BZ_Pyq_fadeIn\">et <\/span><span class=\"BZ_Pyq_fadeIn\">de <\/span><span class=\"BZ_Pyq_fadeIn\">lavandin<\/span> <span class=\"BZ_Pyq_fadeIn\">cr\u00e9ent <\/span><span class=\"BZ_Pyq_fadeIn\">un <\/span><span class=\"BZ_Pyq_fadeIn\">m\u00e9lange <\/span><span class=\"BZ_Pyq_fadeIn\">harmonieux, <\/span><span class=\"BZ_Pyq_fadeIn\">l\u00e9g\u00e8rement <\/span><span class=\"BZ_Pyq_fadeIn\">fleuri <\/span><span class=\"BZ_Pyq_fadeIn\">et <\/span><span class=\"BZ_Pyq_fadeIn\">apaisant. <\/span><span class=\"BZ_Pyq_fadeIn\">La <\/span><span class=\"BZ_Pyq_fadeIn\">touche <\/span><span class=\"BZ_Pyq_fadeIn\">d\u2019<\/span><span class=\"BZ_Pyq_fadeIn\">ocre <\/span><span class=\"BZ_Pyq_fadeIn\">rouge<\/span> <span class=\"BZ_Pyq_fadeIn\">apporte <\/span><span class=\"BZ_Pyq_fadeIn\">une <\/span><span class=\"BZ_Pyq_fadeIn\">nuance <\/span><span class=\"BZ_Pyq_fadeIn\">chaleureuse <\/span><span class=\"BZ_Pyq_fadeIn\">\u00e0 <\/span><span class=\"BZ_Pyq_fadeIn\">sa <\/span><span class=\"BZ_Pyq_fadeIn\">couleur <\/span><span class=\"BZ_Pyq_fadeIn\">naturelle.<\/span><\/p>\n<p data-start=\"611\" data-end=\"902\"><span class=\"BZ_Pyq_fadeIn\">Comme <\/span><span class=\"BZ_Pyq_fadeIn\">tous <\/span><span class=\"BZ_Pyq_fadeIn\">les <\/span><span class=\"BZ_Pyq_fadeIn\">savons <\/span><span class=\"BZ_Pyq_fadeIn\">de <\/span><span class=\"BZ_Pyq_fadeIn\">la <\/span><span class=\"BZ_Pyq_fadeIn\">savonnerie, <\/span><span class=\"BZ_Pyq_fadeIn\">Lijiang <\/span><span class=\"BZ_Pyq_fadeIn\">est <\/span><span class=\"BZ_Pyq_fadeIn\">fabriqu\u00e9 <\/span><span class=\"BZ_Pyq_fadeIn\">artisanalement <\/span><span class=\"BZ_Pyq_fadeIn\">selon <\/span><span class=\"BZ_Pyq_fadeIn\">la <\/span><span class=\"BZ_Pyq_fadeIn\">m\u00e9thode <\/span><span class=\"BZ_Pyq_fadeIn\">de <\/span><span class=\"BZ_Pyq_fadeIn\">saponification <\/span><span class=\"BZ_Pyq_fadeIn\">\u00e0 <\/span><span class=\"BZ_Pyq_fadeIn\">froid<\/span><span class=\"BZ_Pyq_fadeIn\">, <\/span><span class=\"BZ_Pyq_fadeIn\">ce <\/span><span class=\"BZ_Pyq_fadeIn\">qui <\/span><span class=\"BZ_Pyq_fadeIn\">permet <\/span><span class=\"BZ_Pyq_fadeIn\">de <\/span><span class=\"BZ_Pyq_fadeIn\">conserver <\/span><span class=\"BZ_Pyq_fadeIn\">toutes <\/span><span class=\"BZ_Pyq_fadeIn\">les <\/span><span class=\"BZ_Pyq_fadeIn\">propri\u00e9t\u00e9s <\/span><span class=\"BZ_Pyq_fadeIn\">des <\/span><span class=\"BZ_Pyq_fadeIn\">huiles <\/span><span class=\"BZ_Pyq_fadeIn\">et <\/span><span class=\"BZ_Pyq_fadeIn\">beurres <\/span><span class=\"BZ_Pyq_fadeIn\">utilis\u00e9s <\/span><span class=\"BZ_Pyq_fadeIn\">et <\/span><span class=\"BZ_Pyq_fadeIn\">de <\/span><span class=\"BZ_Pyq_fadeIn\">produire <\/span><span class=\"BZ_Pyq_fadeIn\">naturellement <\/span><span class=\"BZ_Pyq_fadeIn\">de <\/span><span class=\"BZ_Pyq_fadeIn\">la <\/span><span class=\"BZ_Pyq_fadeIn\">glyc\u00e9rine<\/span><span class=\"BZ_Pyq_fadeIn\">, <\/span><span class=\"BZ_Pyq_fadeIn\">b\u00e9n\u00e9fique <\/span><span class=\"BZ_Pyq_fadeIn\">pour <\/span><span class=\"BZ_Pyq_fadeIn\">la <\/span><span class=\"BZ_Pyq_fadeIn\">douceur <\/span><span class=\"BZ_Pyq_fadeIn\">de <\/span><span class=\"BZ_Pyq_fadeIn\">la <\/span><span class=\"BZ_Pyq_fadeIn\">peau.<\/span><\/p>\n<p data-start=\"904\" data-end=\"1045\"><span class=\"BZ_Pyq_fadeIn\">Ce <\/span><span class=\"BZ_Pyq_fadeIn\">savon <\/span><span class=\"BZ_Pyq_fadeIn\">convient <\/span><span class=\"BZ_Pyq_fadeIn\">parfaitement <\/span><span class=\"BZ_Pyq_fadeIn\">\u00e0 <\/span><span class=\"BZ_Pyq_fadeIn\">la <\/span><span class=\"BZ_Pyq_fadeIn\">toilette <\/span><span class=\"BZ_Pyq_fadeIn\">quotidienne <\/span><span class=\"BZ_Pyq_fadeIn\">du <\/span><span class=\"BZ_Pyq_fadeIn\">visage <\/span><span class=\"BZ_Pyq_fadeIn\">et <\/span><span class=\"BZ_Pyq_fadeIn\">du <\/span><span class=\"BZ_Pyq_fadeIn\">corps, <\/span><span class=\"BZ_Pyq_fadeIn\">laissant <\/span><span class=\"BZ_Pyq_fadeIn\">la <\/span><span class=\"BZ_Pyq_fadeIn\">peau <\/span><span class=\"BZ_Pyq_fadeIn\">souple, <\/span><span class=\"BZ_Pyq_fadeIn\">propre <\/span><span class=\"BZ_Pyq_fadeIn\">et <\/span><span class=\"BZ_Pyq_fadeIn\">d\u00e9licatement <\/span><span class=\"BZ_Pyq_fadeIn\">parfum\u00e9e<\/span><span class=\"BZ_Pyq_fadeIn\">.<\/span><\/p>\n<p>Composition :<\/p>\n<p>huile de tournesol ol\u00e9ique, beurre de coco et karit\u00e9 saponifi\u00e9s \u00e0 froid, lait de ch\u00e8vre, glyc\u00e9rine issue de la saponification, argile blanche, huiles essentielles g\u00e9ranium d&rsquo;Egypte, lavandin, ocre rouge<\/p>\n<p>Poids : 100g<\/p>\n<p>Ingr\u00e9dients (INCI): sodium sunflowerseedate, sodium cocoate, caprae lac, aqua, glycerin,\u00a0 sodium shea butterate, kaolin, kaolin and iron oxides, pelargonium graveolens flower oil, lavandula augustifolia flower oil, citronelol, geraniol, linalol<\/p>\n","protected":false},"excerpt":{"rendered":"<h5><span class=\"BZ_Pyq_fadeIn\">Un <\/span><span class=\"BZ_Pyq_fadeIn\">savon <\/span><span class=\"BZ_Pyq_fadeIn\">doux <\/span><span class=\"BZ_Pyq_fadeIn\">et <\/span><span class=\"BZ_Pyq_fadeIn\">\u00e9quilibrant <\/span><span class=\"BZ_Pyq_fadeIn\">au <\/span><span class=\"BZ_Pyq_fadeIn\">lait <\/span><span class=\"BZ_Pyq_fadeIn\">de <\/span><span class=\"BZ_Pyq_fadeIn\">ch\u00e8vre, <\/span><span class=\"BZ_Pyq_fadeIn\">aux <\/span><span class=\"BZ_Pyq_fadeIn\">notes <\/span><span class=\"BZ_Pyq_fadeIn\">fra\u00eeches <\/span><span class=\"BZ_Pyq_fadeIn\">de <\/span><span class=\"BZ_Pyq_fadeIn\">g\u00e9ranium <\/span><span class=\"BZ_Pyq_fadeIn\">et <\/span><span class=\"BZ_Pyq_fadeIn\">de <\/span><span class=\"BZ_Pyq_fadeIn\">lavande<\/span><\/h5>\n","protected":false},"featured_media":49,"comment_status":"open","ping_status":"closed","template":"","meta":{"site-sidebar-layout":"default","site-content-layout":"","ast-site-content-layout":"default","site-content-style":"default","site-sidebar-style":"default","ast-global-header-display":"","ast-banner-title-visibility":"","ast-main-header-display":"","ast-hfb-above-header-display":"","ast-hfb-below-header-display":"","ast-hfb-mobile-header-display":"","site-post-title":"","ast-breadcrumbs-content":"","ast-featured-img":"","footer-sml-layout":"","ast-disable-related-posts":"","theme-transparent-header-meta":"default","adv-header-id-meta":"","stick-header-meta":"","header-above-stick-meta":"","header-main-stick-meta":"","header-below-stick-meta":"","astra-migrate-meta-layouts":"set","ast-page-background-enabled":"default","ast-page-background-meta":{"desktop":{"background-color":"var(--ast-global-color-5)","background-image":"","background-repeat":"repeat","background-position":"center center","background-size":"auto","background-attachment":"scroll","background-type":"","background-media":"","overlay-type":"","overlay-color":"","overlay-opacity":"","overlay-gradient":""},"tablet":{"background-color":"","background-image":"","background-repeat":"repeat","background-position":"center center","background-size":"auto","background-attachment":"scroll","background-type":"","background-media":"","overlay-type":"","overlay-color":"","overlay-opacity":"","overlay-gradient":""},"mobile":{"background-color":"","background-image":"","background-repeat":"repeat","background-position":"center center","background-size":"auto","background-attachment":"scroll","background-type":"","background-media":"","overlay-type":"","overlay-color":"","overlay-opacity":"","overlay-gradient":""}},"ast-content-background-meta":{"desktop":{"background-color":"var(--ast-global-color-4)","background-image":"","background-repeat":"repeat","background-position":"center center","background-size":"auto","background-attachment":"scroll","background-type":"","background-media":"","overlay-type":"","overlay-color":"","overlay-opacity":"","overlay-gradient":""},"tablet":{"background-color":"var(--ast-global-color-4)","background-image":"","background-repeat":"repeat","background-position":"center center","background-size":"auto","background-attachment":"scroll","background-type":"","background-media":"","overlay-type":"","overlay-color":"","overlay-opacity":"","overlay-gradient":""},"mobile":{"background-color":"var(--ast-global-color-4)","background-image":"","background-repeat":"repeat","background-position":"center center","background-size":"auto","background-attachment":"scroll","background-type":"","background-media":"","overlay-type":"","overlay-color":"","overlay-opacity":"","overlay-gradient":""}}},"product_brand":[],"product_cat":[18],"product_tag":[],"class_list":{"0":"post-50","1":"product","2":"type-product","3":"status-publish","4":"has-post-thumbnail","6":"product_cat-savons","7":"desktop-align-left","8":"tablet-align-left","9":"mobile-align-left","11":"first","12":"instock","13":"shipping-taxable","14":"purchasable","15":"product-type-simple"},"jetpack_sharing_enabled":true,"_links":{"self":[{"href":"https:\/\/shop.koroo.fr\/index.php?rest_route=\/wp\/v2\/product\/50","targetHints":{"allow":["GET"]}}],"collection":[{"href":"https:\/\/shop.koroo.fr\/index.php?rest_route=\/wp\/v2\/product"}],"about":[{"href":"https:\/\/shop.koroo.fr\/index.php?rest_route=\/wp\/v2\/types\/product"}],"replies":[{"embeddable":true,"href":"https:\/\/shop.koroo.fr\/index.php?rest_route=%2Fwp%2Fv2%2Fcomments&post=50"}],"wp:featuredmedia":[{"embeddable":true,"href":"https:\/\/shop.koroo.fr\/index.php?rest_route=\/wp\/v2\/media\/49"}],"wp:attachment":[{"href":"https:\/\/shop.koroo.fr\/index.php?rest_route=%2Fwp%2Fv2%2Fmedia&parent=50"}],"wp:term":[{"taxonomy":"product_brand","embeddable":true,"href":"https:\/\/shop.koroo.fr\/index.php?rest_route=%2Fwp%2Fv2%2Fproduct_brand&post=50"},{"taxonomy":"product_cat","embeddable":true,"href":"https:\/\/shop.koroo.fr\/index.php?rest_route=%2Fwp%2Fv2%2Fproduct_cat&post=50"},{"taxonomy":"product_tag","embeddable":true,"href":"https:\/\/shop.koroo.fr\/index.php?rest_route=%2Fwp%2Fv2%2Fproduct_tag&post=50"}],"curies":[{"name":"wp","href":"https:\/\/api.w.org\/{rel}","templated":true}]}}