{"id":54,"date":"2022-11-11T08:40:38","date_gmt":"2022-11-11T07:40:38","guid":{"rendered":"https:\/\/shop.koroo.fr\/?product=olive-laurier-facon-alep"},"modified":"2026-03-15T17:40:21","modified_gmt":"2026-03-15T16:40:21","slug":"olive-laurier-facon-alep","status":"publish","type":"product","link":"https:\/\/shop.koroo.fr\/?product=olive-laurier-facon-alep","title":{"rendered":"Olive laurier &#8211; fa\u00e7on Alep"},"content":{"rendered":"<p data-start=\"217\" data-end=\"651\"><span class=\"BZ_Pyq_fadeIn\">Ce <\/span><span class=\"BZ_Pyq_fadeIn\">savon <\/span><span class=\"BZ_Pyq_fadeIn\">s\u2019inspire <\/span><span class=\"BZ_Pyq_fadeIn\">de <\/span><span class=\"BZ_Pyq_fadeIn\">la <\/span><span class=\"BZ_Pyq_fadeIn\">recette <\/span><span class=\"BZ_Pyq_fadeIn\">classique <\/span><span class=\"BZ_Pyq_fadeIn\">d\u2019Alep<\/span><span class=\"BZ_Pyq_fadeIn\">, <\/span><span class=\"BZ_Pyq_fadeIn\">qui <\/span><span class=\"BZ_Pyq_fadeIn\">associe <\/span><span class=\"BZ_Pyq_fadeIn\">huile <\/span><span class=\"BZ_Pyq_fadeIn\">d\u2019olive <\/span><span class=\"BZ_Pyq_fadeIn\">et <\/span><span class=\"BZ_Pyq_fadeIn\">huile <\/span><span class=\"BZ_Pyq_fadeIn\">de <\/span><span class=\"BZ_Pyq_fadeIn\">baie <\/span><span class=\"BZ_Pyq_fadeIn\">de <\/span><span class=\"BZ_Pyq_fadeIn\">laurier<\/span><span class=\"BZ_Pyq_fadeIn\">. <\/span><span class=\"BZ_Pyq_fadeIn\">La <\/span><span class=\"BZ_Pyq_fadeIn\">diff\u00e9rence ? <\/span><span class=\"BZ_Pyq_fadeIn\">Ici, <\/span><span class=\"BZ_Pyq_fadeIn\">la <\/span><span class=\"BZ_Pyq_fadeIn\">fabrication <\/span><span class=\"BZ_Pyq_fadeIn\">se <\/span><span class=\"BZ_Pyq_fadeIn\">fait <\/span><span class=\"BZ_Pyq_fadeIn\">\u00e0 <\/span><span class=\"BZ_Pyq_fadeIn\">froid<\/span><span class=\"BZ_Pyq_fadeIn\">, <\/span><span class=\"BZ_Pyq_fadeIn\">contrairement <\/span><span class=\"BZ_Pyq_fadeIn\">au <\/span><span class=\"BZ_Pyq_fadeIn\">savon <\/span><span class=\"BZ_Pyq_fadeIn\">d\u2019Alep <\/span><span class=\"BZ_Pyq_fadeIn\">traditionnel <\/span><span class=\"BZ_Pyq_fadeIn\">cuit <\/span><span class=\"BZ_Pyq_fadeIn\">\u00e0 <\/span><span class=\"BZ_Pyq_fadeIn\">\u00e9bullition <\/span><span class=\"BZ_Pyq_fadeIn\">pendant <\/span><span class=\"BZ_Pyq_fadeIn\">plusieurs <\/span><span class=\"BZ_Pyq_fadeIn\">jours. <\/span><span class=\"BZ_Pyq_fadeIn\">Ce <\/span><span class=\"BZ_Pyq_fadeIn\">proc\u00e9d\u00e9 <\/span><span class=\"BZ_Pyq_fadeIn\">artisanal <\/span><span class=\"BZ_Pyq_fadeIn\">permet <\/span><span class=\"BZ_Pyq_fadeIn\">de <\/span><span class=\"BZ_Pyq_fadeIn\">pr\u00e9server <\/span><span class=\"BZ_Pyq_fadeIn\">pleinement <\/span><span class=\"BZ_Pyq_fadeIn\">les <\/span><span class=\"BZ_Pyq_fadeIn\">propri\u00e9t\u00e9s <\/span><span class=\"BZ_Pyq_fadeIn\">des <\/span><span class=\"BZ_Pyq_fadeIn\">huiles<\/span> <span class=\"BZ_Pyq_fadeIn\">et <\/span><span class=\"BZ_Pyq_fadeIn\">surtout <\/span><span class=\"BZ_Pyq_fadeIn\">la <\/span><span class=\"BZ_Pyq_fadeIn\">glyc\u00e9rine <\/span><span class=\"BZ_Pyq_fadeIn\">naturellement <\/span><span class=\"BZ_Pyq_fadeIn\">produite<\/span><span class=\"BZ_Pyq_fadeIn\">, <\/span><span class=\"BZ_Pyq_fadeIn\">pour <\/span><span class=\"BZ_Pyq_fadeIn\">un <\/span><span class=\"BZ_Pyq_fadeIn\">savon <\/span><span class=\"BZ_Pyq_fadeIn\">\u00e0 <\/span><span class=\"BZ_Pyq_fadeIn\">la <\/span><span class=\"BZ_Pyq_fadeIn\">fois <\/span><span class=\"BZ_Pyq_fadeIn\">doux <\/span><span class=\"BZ_Pyq_fadeIn\">et <\/span><span class=\"BZ_Pyq_fadeIn\">protecteur.<\/span><\/p>\n<p data-start=\"653\" data-end=\"955\"><span class=\"BZ_Pyq_fadeIn\">L\u2019huile <\/span><span class=\"BZ_Pyq_fadeIn\">de <\/span><span class=\"BZ_Pyq_fadeIn\">baie <\/span><span class=\"BZ_Pyq_fadeIn\">de <\/span><span class=\"BZ_Pyq_fadeIn\">laurier, <\/span><span class=\"BZ_Pyq_fadeIn\">pr\u00e9sente <\/span><span class=\"BZ_Pyq_fadeIn\">\u00e0 <\/span><span class=\"BZ_Pyq_fadeIn\">20 % <\/span><span class=\"BZ_Pyq_fadeIn\">dans <\/span><span class=\"BZ_Pyq_fadeIn\">la <\/span><span class=\"BZ_Pyq_fadeIn\">recette<\/span><span class=\"BZ_Pyq_fadeIn\">, <\/span><span class=\"BZ_Pyq_fadeIn\">apporte <\/span><span class=\"BZ_Pyq_fadeIn\">son <\/span><span class=\"BZ_Pyq_fadeIn\">parfum <\/span><span class=\"BZ_Pyq_fadeIn\">aromatique <\/span><span class=\"BZ_Pyq_fadeIn\">caract\u00e9ristique <\/span><span class=\"BZ_Pyq_fadeIn\">et <\/span><span class=\"BZ_Pyq_fadeIn\">ses <\/span><span class=\"BZ_Pyq_fadeIn\">propri\u00e9t\u00e9s <\/span><span class=\"BZ_Pyq_fadeIn\">anti-<\/span><span class=\"BZ_Pyq_fadeIn\">inflammatoires <\/span><span class=\"BZ_Pyq_fadeIn\">et <\/span><span class=\"BZ_Pyq_fadeIn\">antibact\u00e9riennes<\/span><span class=\"BZ_Pyq_fadeIn\">. <\/span><span class=\"BZ_Pyq_fadeIn\">Elle <\/span><span class=\"BZ_Pyq_fadeIn\">est <\/span><span class=\"BZ_Pyq_fadeIn\">efficace <\/span><span class=\"BZ_Pyq_fadeIn\">pour <\/span><span class=\"BZ_Pyq_fadeIn\">soutenir <\/span><span class=\"BZ_Pyq_fadeIn\">la <\/span><span class=\"BZ_Pyq_fadeIn\">peau, <\/span><span class=\"BZ_Pyq_fadeIn\">notamment <\/span><span class=\"BZ_Pyq_fadeIn\">en <\/span><span class=\"BZ_Pyq_fadeIn\">cas <\/span><span class=\"BZ_Pyq_fadeIn\">de <\/span><span class=\"BZ_Pyq_fadeIn\">petits <\/span><span class=\"BZ_Pyq_fadeIn\">probl\u00e8mes <\/span><span class=\"BZ_Pyq_fadeIn\">cutan\u00e9s, <\/span><span class=\"BZ_Pyq_fadeIn\">tout <\/span><span class=\"BZ_Pyq_fadeIn\">en <\/span><span class=\"BZ_Pyq_fadeIn\">respectant <\/span><span class=\"BZ_Pyq_fadeIn\">la <\/span><span class=\"BZ_Pyq_fadeIn\">douceur <\/span><span class=\"BZ_Pyq_fadeIn\">de <\/span><span class=\"BZ_Pyq_fadeIn\">la <\/span><span class=\"BZ_Pyq_fadeIn\">peau.<\/span><\/p>\n<p data-start=\"957\" data-end=\"1104\"><span class=\"BZ_Pyq_fadeIn\">Le <\/span><span class=\"BZ_Pyq_fadeIn\">format <\/span><span class=\"BZ_Pyq_fadeIn\">de <\/span><span class=\"BZ_Pyq_fadeIn\">ce <\/span><span class=\"BZ_Pyq_fadeIn\">savon <\/span><span class=\"BZ_Pyq_fadeIn\">est <\/span><span class=\"BZ_Pyq_fadeIn\">plus <\/span><span class=\"BZ_Pyq_fadeIn\">cubique <\/span><span class=\"BZ_Pyq_fadeIn\">et <\/span><span class=\"BZ_Pyq_fadeIn\">plus <\/span><span class=\"BZ_Pyq_fadeIn\">lourd (<\/span><span class=\"BZ_Pyq_fadeIn\">150 <\/span><span class=\"BZ_Pyq_fadeIn\">g)<\/span> <span class=\"BZ_Pyq_fadeIn\">que <\/span><span class=\"BZ_Pyq_fadeIn\">les <\/span><span class=\"BZ_Pyq_fadeIn\">autres <\/span><span class=\"BZ_Pyq_fadeIn\">savons <\/span><span class=\"BZ_Pyq_fadeIn\">de <\/span><span class=\"BZ_Pyq_fadeIn\">la <\/span><span class=\"BZ_Pyq_fadeIn\">gamme, <\/span><span class=\"BZ_Pyq_fadeIn\">ce <\/span><span class=\"BZ_Pyq_fadeIn\">qui <\/span><span class=\"BZ_Pyq_fadeIn\">le <\/span><span class=\"BZ_Pyq_fadeIn\">rend <\/span><span class=\"BZ_Pyq_fadeIn\">pratique <\/span><span class=\"BZ_Pyq_fadeIn\">\u00e0 <\/span><span class=\"BZ_Pyq_fadeIn\">tenir <\/span><span class=\"BZ_Pyq_fadeIn\">et <\/span><span class=\"BZ_Pyq_fadeIn\">durable<\/span><span class=\"BZ_Pyq_fadeIn\">.<\/span><\/p>\n<p data-start=\"1106\" data-end=\"1301\"><span class=\"BZ_Pyq_fadeIn\">Comme <\/span><span class=\"BZ_Pyq_fadeIn\">tous <\/span><span class=\"BZ_Pyq_fadeIn\">les <\/span><span class=\"BZ_Pyq_fadeIn\">savons <\/span><span class=\"BZ_Pyq_fadeIn\">de <\/span><span class=\"BZ_Pyq_fadeIn\">la <\/span><span class=\"BZ_Pyq_fadeIn\">savonnerie, <\/span><span class=\"BZ_Pyq_fadeIn\">Olive <\/span><span class=\"BZ_Pyq_fadeIn\">Laurier <\/span><span class=\"BZ_Pyq_fadeIn\">est <\/span><span class=\"BZ_Pyq_fadeIn\">fabriqu\u00e9 <\/span><span class=\"BZ_Pyq_fadeIn\">artisanalement<\/span><span class=\"BZ_Pyq_fadeIn\">, <\/span><span class=\"BZ_Pyq_fadeIn\">selon <\/span><span class=\"BZ_Pyq_fadeIn\">la <\/span><span class=\"BZ_Pyq_fadeIn\">m\u00e9thode <\/span><span class=\"BZ_Pyq_fadeIn\">de <\/span><span class=\"BZ_Pyq_fadeIn\">saponification <\/span><span class=\"BZ_Pyq_fadeIn\">\u00e0 <\/span><span class=\"BZ_Pyq_fadeIn\">froid, <\/span><span class=\"BZ_Pyq_fadeIn\">garantissant <\/span><span class=\"BZ_Pyq_fadeIn\">un <\/span><span class=\"BZ_Pyq_fadeIn\">produit <\/span><span class=\"BZ_Pyq_fadeIn\">naturel, <\/span><span class=\"BZ_Pyq_fadeIn\">doux <\/span><span class=\"BZ_Pyq_fadeIn\">et <\/span><span class=\"BZ_Pyq_fadeIn\">riche <\/span><span class=\"BZ_Pyq_fadeIn\">en <\/span><span class=\"BZ_Pyq_fadeIn\">glyc\u00e9rine<\/span><span class=\"BZ_Pyq_fadeIn\">.<\/span><\/p>\n<p data-start=\"1303\" data-end=\"1445\"><span class=\"BZ_Pyq_fadeIn\">Avec <\/span><span class=\"BZ_Pyq_fadeIn\">sa <\/span><span class=\"BZ_Pyq_fadeIn\">fragrance <\/span><span class=\"BZ_Pyq_fadeIn\">typique <\/span><span class=\"BZ_Pyq_fadeIn\">d\u2019Alep <\/span><span class=\"BZ_Pyq_fadeIn\">et <\/span><span class=\"BZ_Pyq_fadeIn\">sa <\/span><span class=\"BZ_Pyq_fadeIn\">texture <\/span><span class=\"BZ_Pyq_fadeIn\">g\u00e9n\u00e9reuse, <\/span><span class=\"BZ_Pyq_fadeIn\">ce <\/span><span class=\"BZ_Pyq_fadeIn\">savon <\/span><span class=\"BZ_Pyq_fadeIn\">est <\/span><span class=\"BZ_Pyq_fadeIn\">id\u00e9al <\/span><span class=\"BZ_Pyq_fadeIn\">pour <\/span><span class=\"BZ_Pyq_fadeIn\">la <\/span><span class=\"BZ_Pyq_fadeIn\">toilette <\/span><span class=\"BZ_Pyq_fadeIn\">quotidienne<\/span> <span class=\"BZ_Pyq_fadeIn\">tout <\/span><span class=\"BZ_Pyq_fadeIn\">en <\/span><span class=\"BZ_Pyq_fadeIn\">prenant <\/span><span class=\"BZ_Pyq_fadeIn\">soin <\/span><span class=\"BZ_Pyq_fadeIn\">de <\/span><span class=\"BZ_Pyq_fadeIn\">la <\/span><span class=\"BZ_Pyq_fadeIn\">peau.<\/span><\/p>\n<p>Composition :<\/p>\n<p>Huile d&rsquo;olive, huile de baie de laurier noble (20%) saponifi\u00e9es \u00e0 froid, eau, glyc\u00e9rine issue de la saponification<\/p>\n<p>Poids : 150g<\/p>\n<p>Ingr\u00e9dients (INCI): sodium olivate, sodium laurelate, aqua, glycerin.<\/p>\n","protected":false},"excerpt":{"rendered":"<h5><span class=\"BZ_Pyq_fadeIn\">Un <\/span><span class=\"BZ_Pyq_fadeIn\">savon <\/span><span class=\"BZ_Pyq_fadeIn\">traditionnel <\/span><span class=\"BZ_Pyq_fadeIn\">revisit\u00e9, <\/span><span class=\"BZ_Pyq_fadeIn\">doux <\/span><span class=\"BZ_Pyq_fadeIn\">et <\/span><span class=\"BZ_Pyq_fadeIn\">protecteur, <\/span><span class=\"BZ_Pyq_fadeIn\">aux <\/span><span class=\"BZ_Pyq_fadeIn\">vertus <\/span><span class=\"BZ_Pyq_fadeIn\">antibact\u00e9riennes <\/span><span class=\"BZ_Pyq_fadeIn\">et <\/span><span class=\"BZ_Pyq_fadeIn\">cicatrisantes <\/span><span class=\"BZ_Pyq_fadeIn\">de <\/span><span class=\"BZ_Pyq_fadeIn\">l\u2019huile <\/span><span class=\"BZ_Pyq_fadeIn\">de <\/span><span class=\"BZ_Pyq_fadeIn\">baie <\/span><span class=\"BZ_Pyq_fadeIn\">de <\/span><span class=\"BZ_Pyq_fadeIn\">laurier<\/span><\/h5>\n","protected":false},"featured_media":53,"comment_status":"open","ping_status":"closed","template":"","meta":{"site-sidebar-layout":"default","site-content-layout":"","ast-site-content-layout":"default","site-content-style":"default","site-sidebar-style":"default","ast-global-header-display":"","ast-banner-title-visibility":"","ast-main-header-display":"","ast-hfb-above-header-display":"","ast-hfb-below-header-display":"","ast-hfb-mobile-header-display":"","site-post-title":"","ast-breadcrumbs-content":"","ast-featured-img":"","footer-sml-layout":"","ast-disable-related-posts":"","theme-transparent-header-meta":"default","adv-header-id-meta":"","stick-header-meta":"","header-above-stick-meta":"","header-main-stick-meta":"","header-below-stick-meta":"","astra-migrate-meta-layouts":"set","ast-page-background-enabled":"default","ast-page-background-meta":{"desktop":{"background-color":"var(--ast-global-color-5)","background-image":"","background-repeat":"repeat","background-position":"center center","background-size":"auto","background-attachment":"scroll","background-type":"","background-media":"","overlay-type":"","overlay-color":"","overlay-opacity":"","overlay-gradient":""},"tablet":{"background-color":"","background-image":"","background-repeat":"repeat","background-position":"center center","background-size":"auto","background-attachment":"scroll","background-type":"","background-media":"","overlay-type":"","overlay-color":"","overlay-opacity":"","overlay-gradient":""},"mobile":{"background-color":"","background-image":"","background-repeat":"repeat","background-position":"center center","background-size":"auto","background-attachment":"scroll","background-type":"","background-media":"","overlay-type":"","overlay-color":"","overlay-opacity":"","overlay-gradient":""}},"ast-content-background-meta":{"desktop":{"background-color":"var(--ast-global-color-4)","background-image":"","background-repeat":"repeat","background-position":"center center","background-size":"auto","background-attachment":"scroll","background-type":"","background-media":"","overlay-type":"","overlay-color":"","overlay-opacity":"","overlay-gradient":""},"tablet":{"background-color":"var(--ast-global-color-4)","background-image":"","background-repeat":"repeat","background-position":"center center","background-size":"auto","background-attachment":"scroll","background-type":"","background-media":"","overlay-type":"","overlay-color":"","overlay-opacity":"","overlay-gradient":""},"mobile":{"background-color":"var(--ast-global-color-4)","background-image":"","background-repeat":"repeat","background-position":"center center","background-size":"auto","background-attachment":"scroll","background-type":"","background-media":"","overlay-type":"","overlay-color":"","overlay-opacity":"","overlay-gradient":""}}},"product_brand":[],"product_cat":[18],"product_tag":[],"class_list":{"0":"post-54","1":"product","2":"type-product","3":"status-publish","4":"has-post-thumbnail","6":"product_cat-savons","7":"desktop-align-left","8":"tablet-align-left","9":"mobile-align-left","11":"first","12":"outofstock","13":"shipping-taxable","14":"purchasable","15":"product-type-simple"},"jetpack_sharing_enabled":true,"_links":{"self":[{"href":"https:\/\/shop.koroo.fr\/index.php?rest_route=\/wp\/v2\/product\/54","targetHints":{"allow":["GET"]}}],"collection":[{"href":"https:\/\/shop.koroo.fr\/index.php?rest_route=\/wp\/v2\/product"}],"about":[{"href":"https:\/\/shop.koroo.fr\/index.php?rest_route=\/wp\/v2\/types\/product"}],"replies":[{"embeddable":true,"href":"https:\/\/shop.koroo.fr\/index.php?rest_route=%2Fwp%2Fv2%2Fcomments&post=54"}],"wp:featuredmedia":[{"embeddable":true,"href":"https:\/\/shop.koroo.fr\/index.php?rest_route=\/wp\/v2\/media\/53"}],"wp:attachment":[{"href":"https:\/\/shop.koroo.fr\/index.php?rest_route=%2Fwp%2Fv2%2Fmedia&parent=54"}],"wp:term":[{"taxonomy":"product_brand","embeddable":true,"href":"https:\/\/shop.koroo.fr\/index.php?rest_route=%2Fwp%2Fv2%2Fproduct_brand&post=54"},{"taxonomy":"product_cat","embeddable":true,"href":"https:\/\/shop.koroo.fr\/index.php?rest_route=%2Fwp%2Fv2%2Fproduct_cat&post=54"},{"taxonomy":"product_tag","embeddable":true,"href":"https:\/\/shop.koroo.fr\/index.php?rest_route=%2Fwp%2Fv2%2Fproduct_tag&post=54"}],"curies":[{"name":"wp","href":"https:\/\/api.w.org\/{rel}","templated":true}]}}