{"id":64,"date":"2022-11-11T08:52:13","date_gmt":"2022-11-11T07:52:13","guid":{"rendered":"https:\/\/shop.koroo.fr\/?product=shampoing-solide"},"modified":"2026-03-15T17:44:44","modified_gmt":"2026-03-15T16:44:44","slug":"shampoing-solide","status":"publish","type":"product","link":"https:\/\/shop.koroo.fr\/?product=shampoing-solide","title":{"rendered":"Shampoing solide ortie"},"content":{"rendered":"<p data-start=\"177\" data-end=\"460\"><span class=\"BZ_Pyq_fadeIn\">Ce <\/span><span class=\"BZ_Pyq_fadeIn\">shampoing <\/span><span class=\"BZ_Pyq_fadeIn\">solide <\/span><span class=\"BZ_Pyq_fadeIn\">aux <\/span><span class=\"BZ_Pyq_fadeIn\">orties<\/span> <span class=\"BZ_Pyq_fadeIn\">est <\/span><span class=\"BZ_Pyq_fadeIn\">un <\/span><span class=\"BZ_Pyq_fadeIn\">vrai <\/span><span class=\"BZ_Pyq_fadeIn\">produit <\/span><span class=\"BZ_Pyq_fadeIn\">phare <\/span><span class=\"BZ_Pyq_fadeIn\">de <\/span><span class=\"BZ_Pyq_fadeIn\">la <\/span><span class=\"BZ_Pyq_fadeIn\">savonnerie. <\/span><span class=\"BZ_Pyq_fadeIn\">Sa <\/span><span class=\"BZ_Pyq_fadeIn\">pr\u00e9sentation <\/span><span class=\"BZ_Pyq_fadeIn\">originale \u2013 <\/span><span class=\"BZ_Pyq_fadeIn\">sans <\/span><span class=\"BZ_Pyq_fadeIn\">emballage <\/span><span class=\"BZ_Pyq_fadeIn\">et <\/span><span class=\"BZ_Pyq_fadeIn\">avec <\/span><span class=\"BZ_Pyq_fadeIn\">une <\/span><span class=\"BZ_Pyq_fadeIn\">ficelle <\/span><span class=\"BZ_Pyq_fadeIn\">orn\u00e9e <\/span><span class=\"BZ_Pyq_fadeIn\">d\u2019une <\/span><span class=\"BZ_Pyq_fadeIn\">perle <\/span><span class=\"BZ_Pyq_fadeIn\">en <\/span><span class=\"BZ_Pyq_fadeIn\">bois<\/span><span class=\"BZ_Pyq_fadeIn\"> \u2013 <\/span><span class=\"BZ_Pyq_fadeIn\">permet <\/span><span class=\"BZ_Pyq_fadeIn\">de <\/span><span class=\"BZ_Pyq_fadeIn\">l\u2019accrocher <\/span><span class=\"BZ_Pyq_fadeIn\">dans <\/span><span class=\"BZ_Pyq_fadeIn\">la <\/span><span class=\"BZ_Pyq_fadeIn\">douche <\/span><span class=\"BZ_Pyq_fadeIn\">et <\/span><span class=\"BZ_Pyq_fadeIn\">de <\/span><span class=\"BZ_Pyq_fadeIn\">le <\/span><span class=\"BZ_Pyq_fadeIn\">laisser <\/span><span class=\"BZ_Pyq_fadeIn\">s\u00e9cher <\/span><span class=\"BZ_Pyq_fadeIn\">facilement, <\/span><span class=\"BZ_Pyq_fadeIn\">pour <\/span><span class=\"BZ_Pyq_fadeIn\">une <\/span><span class=\"BZ_Pyq_fadeIn\">conservation <\/span><span class=\"BZ_Pyq_fadeIn\">longue<\/span><span class=\"BZ_Pyq_fadeIn\">.<\/span><\/p>\n<p data-start=\"462\" data-end=\"732\"><span class=\"BZ_Pyq_fadeIn\">La <\/span><span class=\"BZ_Pyq_fadeIn\">recette <\/span><span class=\"BZ_Pyq_fadeIn\">a <\/span><span class=\"BZ_Pyq_fadeIn\">\u00e9t\u00e9 <\/span><span class=\"BZ_Pyq_fadeIn\">pens\u00e9e <\/span><span class=\"BZ_Pyq_fadeIn\">pour <\/span><span class=\"BZ_Pyq_fadeIn\">\u00eatre <\/span><span class=\"BZ_Pyq_fadeIn\">tr\u00e8s <\/span><span class=\"BZ_Pyq_fadeIn\">compl\u00e8te<\/span><span class=\"BZ_Pyq_fadeIn\">, <\/span><span class=\"BZ_Pyq_fadeIn\">adapt\u00e9e <\/span><span class=\"BZ_Pyq_fadeIn\">aux <\/span><span class=\"BZ_Pyq_fadeIn\">besoins <\/span><span class=\"BZ_Pyq_fadeIn\">des<\/span><span class=\"BZ_Pyq_fadeIn\">\u00a0<\/span><span class=\"BZ_Pyq_fadeIn\">cheveux <\/span><span class=\"BZ_Pyq_fadeIn\">secs <\/span><span class=\"BZ_Pyq_fadeIn\">\u00e0 <\/span><span class=\"BZ_Pyq_fadeIn\">normaux ou <\/span><span class=\"BZ_Pyq_fadeIn\">racines <\/span><span class=\"BZ_Pyq_fadeIn\">l\u00e9g\u00e8rement <\/span><span class=\"BZ_Pyq_fadeIn\">grasses <\/span><span class=\"BZ_Pyq_fadeIn\">et <\/span><span class=\"BZ_Pyq_fadeIn\">pointes <\/span><span class=\"BZ_Pyq_fadeIn\">s\u00e8ches. <\/span><span class=\"BZ_Pyq_fadeIn\">Il <\/span><span class=\"BZ_Pyq_fadeIn\">combine <\/span><span class=\"BZ_Pyq_fadeIn\">des <\/span><span class=\"BZ_Pyq_fadeIn\">propri\u00e9t\u00e9s <\/span><span class=\"BZ_Pyq_fadeIn\">r\u00e9paratrices, <\/span><span class=\"BZ_Pyq_fadeIn\">nourrissantes <\/span><span class=\"BZ_Pyq_fadeIn\">et <\/span><span class=\"BZ_Pyq_fadeIn\">brillantes<\/span><span class=\"BZ_Pyq_fadeIn\">.<\/span><\/p>\n<ul data-start=\"734\" data-end=\"1183\">\n<li data-section-id=\"80wbht\" data-start=\"734\" data-end=\"855\">\n<p data-start=\"736\" data-end=\"855\"><span class=\"BZ_Pyq_fadeIn\">Huile <\/span><span class=\"BZ_Pyq_fadeIn\">de <\/span><span class=\"BZ_Pyq_fadeIn\">chanvre <\/span><span class=\"BZ_Pyq_fadeIn\">et <\/span><span class=\"BZ_Pyq_fadeIn\">argile <\/span><span class=\"BZ_Pyq_fadeIn\">blanche<\/span><span class=\"BZ_Pyq_fadeIn\"> : <\/span><span class=\"BZ_Pyq_fadeIn\">d\u00e9toxifient <\/span><span class=\"BZ_Pyq_fadeIn\">et <\/span><span class=\"BZ_Pyq_fadeIn\">apaisent <\/span><span class=\"BZ_Pyq_fadeIn\">le <\/span><span class=\"BZ_Pyq_fadeIn\">cuir <\/span><span class=\"BZ_Pyq_fadeIn\">chevelu, <\/span><span class=\"BZ_Pyq_fadeIn\">\u00e9quilibrent <\/span><span class=\"BZ_Pyq_fadeIn\">la <\/span><span class=\"BZ_Pyq_fadeIn\">production <\/span><span class=\"BZ_Pyq_fadeIn\">de <\/span><span class=\"BZ_Pyq_fadeIn\">s\u00e9bum.<\/span><\/p>\n<\/li>\n<li data-section-id=\"sccv3c\" data-start=\"856\" data-end=\"926\">\n<p data-start=\"858\" data-end=\"926\"><span class=\"BZ_Pyq_fadeIn\">Prot\u00e9ines <\/span><span class=\"BZ_Pyq_fadeIn\">de <\/span><span class=\"BZ_Pyq_fadeIn\">chanvre<\/span><span class=\"BZ_Pyq_fadeIn\"> : <\/span><span class=\"BZ_Pyq_fadeIn\">renforcent <\/span><span class=\"BZ_Pyq_fadeIn\">et <\/span><span class=\"BZ_Pyq_fadeIn\">revitalisent <\/span><span class=\"BZ_Pyq_fadeIn\">les <\/span><span class=\"BZ_Pyq_fadeIn\">cheveux.<\/span><\/p>\n<\/li>\n<li data-section-id=\"125wad4\" data-start=\"927\" data-end=\"1087\">\n<p data-start=\"929\" data-end=\"1087\"><span class=\"BZ_Pyq_fadeIn\">Bi\u00e8re <\/span><span class=\"BZ_Pyq_fadeIn\">brune <\/span><span class=\"BZ_Pyq_fadeIn\">et <\/span><span class=\"BZ_Pyq_fadeIn\">feuilles <\/span><span class=\"BZ_Pyq_fadeIn\">d\u2019orties <\/span><span class=\"BZ_Pyq_fadeIn\">s\u00e9ch\u00e9es<\/span><span class=\"BZ_Pyq_fadeIn\"> : <\/span><span class=\"BZ_Pyq_fadeIn\">stimulent <\/span><span class=\"BZ_Pyq_fadeIn\">la <\/span><span class=\"BZ_Pyq_fadeIn\">micro-<\/span><span class=\"BZ_Pyq_fadeIn\">circulation <\/span><span class=\"BZ_Pyq_fadeIn\">et <\/span><span class=\"BZ_Pyq_fadeIn\">la <\/span><span class=\"BZ_Pyq_fadeIn\">pousse <\/span><span class=\"BZ_Pyq_fadeIn\">des <\/span><span class=\"BZ_Pyq_fadeIn\">cheveux, <\/span><span class=\"BZ_Pyq_fadeIn\">selon <\/span><span class=\"BZ_Pyq_fadeIn\">les <\/span><span class=\"BZ_Pyq_fadeIn\">recettes <\/span><span class=\"BZ_Pyq_fadeIn\">traditionnelles <\/span><span class=\"BZ_Pyq_fadeIn\">des <\/span><span class=\"BZ_Pyq_fadeIn\">grands-<\/span><span class=\"BZ_Pyq_fadeIn\">m\u00e8res.<\/span><\/p>\n<\/li>\n<li data-section-id=\"yfjip6\" data-start=\"1088\" data-end=\"1183\">\n<p data-start=\"1090\" data-end=\"1183\"><span class=\"BZ_Pyq_fadeIn\">Miel, <\/span><span class=\"BZ_Pyq_fadeIn\">huile <\/span><span class=\"BZ_Pyq_fadeIn\">de <\/span><span class=\"BZ_Pyq_fadeIn\">ricin <\/span><span class=\"BZ_Pyq_fadeIn\">et <\/span><span class=\"BZ_Pyq_fadeIn\">beurre <\/span><span class=\"BZ_Pyq_fadeIn\">de <\/span><span class=\"BZ_Pyq_fadeIn\">karit\u00e9<\/span><span class=\"BZ_Pyq_fadeIn\"> : <\/span><span class=\"BZ_Pyq_fadeIn\">nourrissent <\/span><span class=\"BZ_Pyq_fadeIn\">et <\/span><span class=\"BZ_Pyq_fadeIn\">apportent <\/span><span class=\"BZ_Pyq_fadeIn\">douceur <\/span><span class=\"BZ_Pyq_fadeIn\">et <\/span><span class=\"BZ_Pyq_fadeIn\">souplesse.<\/span><\/p>\n<\/li>\n<\/ul>\n<p data-start=\"1185\" data-end=\"1516\"><span class=\"BZ_Pyq_fadeIn\">Le <\/span><span class=\"BZ_Pyq_fadeIn\">parfum <\/span><span class=\"BZ_Pyq_fadeIn\">reste <\/span><span class=\"BZ_Pyq_fadeIn\">naturel <\/span><span class=\"BZ_Pyq_fadeIn\">et <\/span><span class=\"BZ_Pyq_fadeIn\">d\u00e9licat<\/span><span class=\"BZ_Pyq_fadeIn\">, <\/span><span class=\"BZ_Pyq_fadeIn\">pour <\/span><span class=\"BZ_Pyq_fadeIn\">un <\/span><span class=\"BZ_Pyq_fadeIn\">moment <\/span><span class=\"BZ_Pyq_fadeIn\">de <\/span><span class=\"BZ_Pyq_fadeIn\">soin <\/span><span class=\"BZ_Pyq_fadeIn\">agr\u00e9able <\/span><span class=\"BZ_Pyq_fadeIn\">et <\/span><span class=\"BZ_Pyq_fadeIn\">sensoriel <\/span><span class=\"BZ_Pyq_fadeIn\">sous <\/span><span class=\"BZ_Pyq_fadeIn\">la <\/span><span class=\"BZ_Pyq_fadeIn\">douche. <\/span><span class=\"BZ_Pyq_fadeIn\">Comme <\/span><span class=\"BZ_Pyq_fadeIn\">tous <\/span><span class=\"BZ_Pyq_fadeIn\">les <\/span><span class=\"BZ_Pyq_fadeIn\">savons <\/span><span class=\"BZ_Pyq_fadeIn\">de <\/span><span class=\"BZ_Pyq_fadeIn\">la <\/span><span class=\"BZ_Pyq_fadeIn\">savonnerie, <\/span><span class=\"BZ_Pyq_fadeIn\">ce <\/span><span class=\"BZ_Pyq_fadeIn\">shampoing <\/span><span class=\"BZ_Pyq_fadeIn\">est <\/span><span class=\"BZ_Pyq_fadeIn\">fabriqu\u00e9 <\/span><span class=\"BZ_Pyq_fadeIn\">artisanalement <\/span><span class=\"BZ_Pyq_fadeIn\">par <\/span><span class=\"BZ_Pyq_fadeIn\">saponification <\/span><span class=\"BZ_Pyq_fadeIn\">\u00e0 <\/span><span class=\"BZ_Pyq_fadeIn\">froid<\/span><span class=\"BZ_Pyq_fadeIn\">, <\/span><span class=\"BZ_Pyq_fadeIn\">ce <\/span><span class=\"BZ_Pyq_fadeIn\">qui <\/span><span class=\"BZ_Pyq_fadeIn\">pr\u00e9serve <\/span><span class=\"BZ_Pyq_fadeIn\">les <\/span><span class=\"BZ_Pyq_fadeIn\">propri\u00e9t\u00e9s <\/span><span class=\"BZ_Pyq_fadeIn\">des <\/span><span class=\"BZ_Pyq_fadeIn\">huiles <\/span><span class=\"BZ_Pyq_fadeIn\">et <\/span><span class=\"BZ_Pyq_fadeIn\">beurres <\/span><span class=\"BZ_Pyq_fadeIn\">tout <\/span><span class=\"BZ_Pyq_fadeIn\">en <\/span><span class=\"BZ_Pyq_fadeIn\">produisant <\/span><span class=\"BZ_Pyq_fadeIn\">de <\/span><span class=\"BZ_Pyq_fadeIn\">la <\/span><span class=\"BZ_Pyq_fadeIn\">glyc\u00e9rine <\/span><span class=\"BZ_Pyq_fadeIn\">naturellement <\/span><span class=\"BZ_Pyq_fadeIn\">hydratante<\/span><span class=\"BZ_Pyq_fadeIn\">.<\/span><\/p>\n<p data-start=\"1518\" data-end=\"1647\"><span class=\"BZ_Pyq_fadeIn\">C\u2019est <\/span><span class=\"BZ_Pyq_fadeIn\">un <\/span><span class=\"BZ_Pyq_fadeIn\">shampoing-<\/span><span class=\"BZ_Pyq_fadeIn\">soin <\/span><span class=\"BZ_Pyq_fadeIn\">respectueux <\/span><span class=\"BZ_Pyq_fadeIn\">des <\/span><span class=\"BZ_Pyq_fadeIn\">cheveux <\/span><span class=\"BZ_Pyq_fadeIn\">et <\/span><span class=\"BZ_Pyq_fadeIn\">du <\/span><span class=\"BZ_Pyq_fadeIn\">cuir <\/span><span class=\"BZ_Pyq_fadeIn\">chevelu<\/span><span class=\"BZ_Pyq_fadeIn\">, <\/span><span class=\"BZ_Pyq_fadeIn\">qui <\/span><span class=\"BZ_Pyq_fadeIn\">combine <\/span><span class=\"BZ_Pyq_fadeIn\">efficacit\u00e9, <\/span><span class=\"BZ_Pyq_fadeIn\">douceur <\/span><span class=\"BZ_Pyq_fadeIn\">et <\/span><span class=\"BZ_Pyq_fadeIn\">plaisir <\/span><span class=\"BZ_Pyq_fadeIn\">d\u2019utilisation.<\/span><\/p>\n<p>Composition :<\/p>\n<p>huile de tournesol ol\u00e9ique, beurre de coco, bi\u00e8re brune, glyc\u00e9rine issue de la saponification, beurre de karit\u00e9, huile de ricin, prot\u00e9ines de chanvre, huile de chanvre saponifi\u00e9s \u00e0 froid, miel, argile blanche, huiles essentielles g\u00e9ranium d&rsquo;Egypte, ylang-Ylang, feuilles d&rsquo;orties s\u00e9ch\u00e9es<\/p>\n<p>Poids : 100g<\/p>\n<p>Ingr\u00e9dients (INCI) : sodium sunflowerseedate, sodium cocoate, beer, sodium shea butterate, sodium castorate, sodium hempseedate, cannabis sativa protein, mel, kaolin, urtica dioica leaf powder, cananga odorata flower oil, pelargonium graveolens flower oil<\/p>\n","protected":false},"excerpt":{"rendered":"<h5><span class=\"BZ_Pyq_fadeIn\">Un <\/span><span class=\"BZ_Pyq_fadeIn\">shampoing <\/span><span class=\"BZ_Pyq_fadeIn\">solide <\/span><span class=\"BZ_Pyq_fadeIn\">naturel <\/span><span class=\"BZ_Pyq_fadeIn\">et <\/span><span class=\"BZ_Pyq_fadeIn\">complet, <\/span><span class=\"BZ_Pyq_fadeIn\">nourrissant <\/span><span class=\"BZ_Pyq_fadeIn\">et <\/span><span class=\"BZ_Pyq_fadeIn\">\u00e9quilibrant <\/span><span class=\"BZ_Pyq_fadeIn\">pour <\/span><span class=\"BZ_Pyq_fadeIn\">tous <\/span><span class=\"BZ_Pyq_fadeIn\">les <\/span><span class=\"BZ_Pyq_fadeIn\">types <\/span><span class=\"BZ_Pyq_fadeIn\">de <\/span><span class=\"BZ_Pyq_fadeIn\">cheveux<\/span><\/h5>\n","protected":false},"featured_media":63,"comment_status":"open","ping_status":"closed","template":"","meta":{"site-sidebar-layout":"default","site-content-layout":"","ast-site-content-layout":"default","site-content-style":"default","site-sidebar-style":"default","ast-global-header-display":"","ast-banner-title-visibility":"","ast-main-header-display":"","ast-hfb-above-header-display":"","ast-hfb-below-header-display":"","ast-hfb-mobile-header-display":"","site-post-title":"","ast-breadcrumbs-content":"","ast-featured-img":"","footer-sml-layout":"","ast-disable-related-posts":"","theme-transparent-header-meta":"default","adv-header-id-meta":"","stick-header-meta":"","header-above-stick-meta":"","header-main-stick-meta":"","header-below-stick-meta":"","astra-migrate-meta-layouts":"set","ast-page-background-enabled":"default","ast-page-background-meta":{"desktop":{"background-color":"var(--ast-global-color-5)","background-image":"","background-repeat":"repeat","background-position":"center center","background-size":"auto","background-attachment":"scroll","background-type":"","background-media":"","overlay-type":"","overlay-color":"","overlay-opacity":"","overlay-gradient":""},"tablet":{"background-color":"","background-image":"","background-repeat":"repeat","background-position":"center center","background-size":"auto","background-attachment":"scroll","background-type":"","background-media":"","overlay-type":"","overlay-color":"","overlay-opacity":"","overlay-gradient":""},"mobile":{"background-color":"","background-image":"","background-repeat":"repeat","background-position":"center center","background-size":"auto","background-attachment":"scroll","background-type":"","background-media":"","overlay-type":"","overlay-color":"","overlay-opacity":"","overlay-gradient":""}},"ast-content-background-meta":{"desktop":{"background-color":"var(--ast-global-color-4)","background-image":"","background-repeat":"repeat","background-position":"center center","background-size":"auto","background-attachment":"scroll","background-type":"","background-media":"","overlay-type":"","overlay-color":"","overlay-opacity":"","overlay-gradient":""},"tablet":{"background-color":"var(--ast-global-color-4)","background-image":"","background-repeat":"repeat","background-position":"center center","background-size":"auto","background-attachment":"scroll","background-type":"","background-media":"","overlay-type":"","overlay-color":"","overlay-opacity":"","overlay-gradient":""},"mobile":{"background-color":"var(--ast-global-color-4)","background-image":"","background-repeat":"repeat","background-position":"center center","background-size":"auto","background-attachment":"scroll","background-type":"","background-media":"","overlay-type":"","overlay-color":"","overlay-opacity":"","overlay-gradient":""}}},"product_brand":[],"product_cat":[19],"product_tag":[],"class_list":{"0":"post-64","1":"product","2":"type-product","3":"status-publish","4":"has-post-thumbnail","6":"product_cat-shampoings","7":"desktop-align-left","8":"tablet-align-left","9":"mobile-align-left","11":"first","12":"instock","13":"shipping-taxable","14":"purchasable","15":"product-type-simple"},"jetpack_sharing_enabled":true,"_links":{"self":[{"href":"https:\/\/shop.koroo.fr\/index.php?rest_route=\/wp\/v2\/product\/64","targetHints":{"allow":["GET"]}}],"collection":[{"href":"https:\/\/shop.koroo.fr\/index.php?rest_route=\/wp\/v2\/product"}],"about":[{"href":"https:\/\/shop.koroo.fr\/index.php?rest_route=\/wp\/v2\/types\/product"}],"replies":[{"embeddable":true,"href":"https:\/\/shop.koroo.fr\/index.php?rest_route=%2Fwp%2Fv2%2Fcomments&post=64"}],"wp:featuredmedia":[{"embeddable":true,"href":"https:\/\/shop.koroo.fr\/index.php?rest_route=\/wp\/v2\/media\/63"}],"wp:attachment":[{"href":"https:\/\/shop.koroo.fr\/index.php?rest_route=%2Fwp%2Fv2%2Fmedia&parent=64"}],"wp:term":[{"taxonomy":"product_brand","embeddable":true,"href":"https:\/\/shop.koroo.fr\/index.php?rest_route=%2Fwp%2Fv2%2Fproduct_brand&post=64"},{"taxonomy":"product_cat","embeddable":true,"href":"https:\/\/shop.koroo.fr\/index.php?rest_route=%2Fwp%2Fv2%2Fproduct_cat&post=64"},{"taxonomy":"product_tag","embeddable":true,"href":"https:\/\/shop.koroo.fr\/index.php?rest_route=%2Fwp%2Fv2%2Fproduct_tag&post=64"}],"curies":[{"name":"wp","href":"https:\/\/api.w.org\/{rel}","templated":true}]}}