{"id":68,"date":"2022-11-13T19:42:57","date_gmt":"2022-11-13T18:42:57","guid":{"rendered":"https:\/\/shop.koroo.fr\/?product=baume-apres-l-effort"},"modified":"2026-03-15T14:30:03","modified_gmt":"2026-03-15T13:30:03","slug":"baume-apres-l-effort","status":"publish","type":"product","link":"https:\/\/shop.koroo.fr\/?product=baume-apres-l-effort","title":{"rendered":"Baume Apr\u00e8s l&rsquo;effort"},"content":{"rendered":"<p>Il r\u00e9pare la peau des mains ab\u00eem\u00e9es et irrit\u00e9es par le travail ou le sport<\/p>\n<p>Sa synergie complexe d\u2019huiles essentielles permet aussi de l\u2019utiliser en massage pour soulager les muscles courbatur\u00e9s, les tendinites et les contusions.<\/p>\n<p>L\u2019association de la gaulth\u00e9rie et de l\u2019eucalyptus citronn\u00e9 apporte un effet antalgique imm\u00e9diat, elle est \u00e9galement anti-inflammatoire.<\/p>\n<p>Enfin, le parfum de g\u00e9ranium, lavandin et patchouli aide \u00e0 d\u00e9tendre le corps et \u00e0 apaiser l\u2019esprit.<\/p>\n<p>Composition :<\/p>\n<p>Beurres de karit\u00e9 et coco, huiles de s\u00e9same, mac\u00e9rat d&rsquo;h\u00e9lichryse, ricin, cire d&rsquo;abeille, huiles essentielles g\u00e9ranium, lavandin, eucalyptus citronn\u00e9, patchouli, romarin \u00e0 camphre, gaulth\u00e9rie,\u00a0 tocoph\u00e9rol (vit E), citronellol, geraniol, linalol naturellement contenus dans les huiles essentielles<\/p>\n<p>Poids : 50g<\/p>\n<p>INCI : butyrospermum parkii butter, cocos nucifera oil, sesamum indicum seed oil, ricinus communis seed oil, lavandula hybrida grosso herb oil, pelargonium graveolens flower oil, eucalyptus citriodora oil, pogostemon cablin leaf oil, arnica montana, rosmarinus officinalis oil, gaultheria fragrantissima oil, cera alba,\u00a0 tocoph\u00e9rol, citronellol, geraniol, linalol<\/p>\n","protected":false},"excerpt":{"rendered":"<h5>Le r\u00e9confort des mains ab\u00eem\u00e9es et des muscles douloureux<\/h5>\n","protected":false},"featured_media":67,"comment_status":"open","ping_status":"closed","template":"","meta":{"site-sidebar-layout":"default","site-content-layout":"","ast-site-content-layout":"default","site-content-style":"default","site-sidebar-style":"default","ast-global-header-display":"","ast-banner-title-visibility":"","ast-main-header-display":"","ast-hfb-above-header-display":"","ast-hfb-below-header-display":"","ast-hfb-mobile-header-display":"","site-post-title":"","ast-breadcrumbs-content":"","ast-featured-img":"","footer-sml-layout":"","ast-disable-related-posts":"","theme-transparent-header-meta":"default","adv-header-id-meta":"","stick-header-meta":"","header-above-stick-meta":"","header-main-stick-meta":"","header-below-stick-meta":"","astra-migrate-meta-layouts":"set","ast-page-background-enabled":"default","ast-page-background-meta":{"desktop":{"background-color":"var(--ast-global-color-5)","background-image":"","background-repeat":"repeat","background-position":"center center","background-size":"auto","background-attachment":"scroll","background-type":"","background-media":"","overlay-type":"","overlay-color":"","overlay-opacity":"","overlay-gradient":""},"tablet":{"background-color":"","background-image":"","background-repeat":"repeat","background-position":"center center","background-size":"auto","background-attachment":"scroll","background-type":"","background-media":"","overlay-type":"","overlay-color":"","overlay-opacity":"","overlay-gradient":""},"mobile":{"background-color":"","background-image":"","background-repeat":"repeat","background-position":"center center","background-size":"auto","background-attachment":"scroll","background-type":"","background-media":"","overlay-type":"","overlay-color":"","overlay-opacity":"","overlay-gradient":""}},"ast-content-background-meta":{"desktop":{"background-color":"var(--ast-global-color-4)","background-image":"","background-repeat":"repeat","background-position":"center center","background-size":"auto","background-attachment":"scroll","background-type":"","background-media":"","overlay-type":"","overlay-color":"","overlay-opacity":"","overlay-gradient":""},"tablet":{"background-color":"var(--ast-global-color-4)","background-image":"","background-repeat":"repeat","background-position":"center center","background-size":"auto","background-attachment":"scroll","background-type":"","background-media":"","overlay-type":"","overlay-color":"","overlay-opacity":"","overlay-gradient":""},"mobile":{"background-color":"var(--ast-global-color-4)","background-image":"","background-repeat":"repeat","background-position":"center center","background-size":"auto","background-attachment":"scroll","background-type":"","background-media":"","overlay-type":"","overlay-color":"","overlay-opacity":"","overlay-gradient":""}}},"product_brand":[],"product_cat":[20],"product_tag":[],"class_list":{"0":"post-68","1":"product","2":"type-product","3":"status-publish","4":"has-post-thumbnail","6":"product_cat-baumes","7":"desktop-align-left","8":"tablet-align-left","9":"mobile-align-left","11":"first","12":"instock","13":"shipping-taxable","14":"purchasable","15":"product-type-simple"},"jetpack_sharing_enabled":true,"_links":{"self":[{"href":"https:\/\/shop.koroo.fr\/index.php?rest_route=\/wp\/v2\/product\/68","targetHints":{"allow":["GET"]}}],"collection":[{"href":"https:\/\/shop.koroo.fr\/index.php?rest_route=\/wp\/v2\/product"}],"about":[{"href":"https:\/\/shop.koroo.fr\/index.php?rest_route=\/wp\/v2\/types\/product"}],"replies":[{"embeddable":true,"href":"https:\/\/shop.koroo.fr\/index.php?rest_route=%2Fwp%2Fv2%2Fcomments&post=68"}],"wp:featuredmedia":[{"embeddable":true,"href":"https:\/\/shop.koroo.fr\/index.php?rest_route=\/wp\/v2\/media\/67"}],"wp:attachment":[{"href":"https:\/\/shop.koroo.fr\/index.php?rest_route=%2Fwp%2Fv2%2Fmedia&parent=68"}],"wp:term":[{"taxonomy":"product_brand","embeddable":true,"href":"https:\/\/shop.koroo.fr\/index.php?rest_route=%2Fwp%2Fv2%2Fproduct_brand&post=68"},{"taxonomy":"product_cat","embeddable":true,"href":"https:\/\/shop.koroo.fr\/index.php?rest_route=%2Fwp%2Fv2%2Fproduct_cat&post=68"},{"taxonomy":"product_tag","embeddable":true,"href":"https:\/\/shop.koroo.fr\/index.php?rest_route=%2Fwp%2Fv2%2Fproduct_tag&post=68"}],"curies":[{"name":"wp","href":"https:\/\/api.w.org\/{rel}","templated":true}]}}